{"id":117,"date":"2026-02-17T12:15:59","date_gmt":"2026-02-17T12:15:59","guid":{"rendered":"http:\/\/billystours.gr\/?page_id=117"},"modified":"2026-04-08T08:57:28","modified_gmt":"2026-04-08T08:57:28","slug":"kuzey-lesvos","status":"publish","type":"page","link":"https:\/\/billystours.gr\/tr\/kuzey-lesvos\/","title":{"rendered":"Kuzey Lesvos"},"content":{"rendered":"<div class=\"wpb-content-wrapper\"><p>[vc_row][vc_column width=&#8221;1\/2&#8243;][vc_column_text css=&#8221;&#8221;]<\/p>\n<p style=\"text-align: justify;\">Bat\u0131ya do\u011fru, Mythemna&#8217;ya (Molyvos) do\u011fru, yemye\u015fil bitki \u00f6rt\u00fcs\u00fc ve Lepetimnos Da\u011f\u0131&#8217;n\u0131n ye\u015fil yama\u00e7lar\u0131 aras\u0131nda Ammoudeli adl\u0131 bir ba\u015fka g\u00fczel plaj ve Lepetimnos, Argennos ve Vafios k\u00f6yleri bulunur. Adan\u0131n bat\u0131 ucunda yer alan Molyvos, bir di\u011fer \u00f6nemli tatil beldesidir. K\u00f6kleri tarih \u00f6ncesi d\u00f6neme kadar uzanmaktad\u0131r.<\/p>\n<p>&nbsp;<\/p>\n<p style=\"text-align: justify;\">Akdeniz&#8217;in en pitoresk ve iyi korunmu\u015f orta\u00e7a\u011f yerle\u015fimlerinden biri olan Molyvos, kayal\u0131k bir tepe \u00fczerine amfiteatr \u015feklinde in\u015fa edilmi\u015f olup, orta\u00e7a\u011f kalesiyle tamamlanm\u0131\u015ft\u0131r.<\/p>\n<p>&nbsp;<\/p>\n<p style=\"text-align: justify;\">Burada Halk K\u00fct\u00fcphanesi, Halk Galerisi ve Arkeoloji Koleksiyonu&#8217;nu ziyaret edebilirsiniz. Molyvos&#8217;un do\u011fusunda, adan\u0131n en tepesinde, g\u00fczel bir plaj\u0131 ve y\u00fczme ve dinlenme i\u00e7in termal kaynaklar\u0131 olan Eftalou bulunur. Molyvos&#8217;tan g\u00fcneye do\u011fru ilerledi\u011finizde, bir di\u011fer tan\u0131nm\u0131\u015f tatil beldesi olan Petra&#8217;ya ula\u015f\u0131rs\u0131n\u0131z.<\/p>\n<p>&nbsp;<\/p>\n<p style=\"text-align: justify;\">B\u00fcy\u00fck bir kayan\u0131n etraf\u0131ndaki bir d\u00fczl\u00fckte in\u015fa edilmi\u015f olup, tepesinde B.A. kilisesi bulunmaktad\u0131r. Ziyarete de\u011fer di\u011fer yerler aras\u0131nda \u015funlar bulunur: Agios Nikolaos Kilisesi (17. y\u00fczy\u0131ldan kalma bazilika) ve 1740 y\u0131l\u0131nda in\u015fa edilmi\u015f Vareltzidena Kona\u011f\u0131.<\/p>\n<p>&nbsp;<\/p>\n<p style=\"text-align: justify;\">Bat\u0131ya do\u011fru sahil yolunu takip ederseniz, \u015firin Anaxos plaj\u0131na ula\u015f\u0131rs\u0131n\u0131z; g\u00fcneydo\u011fuya do\u011fru giden tali bir yol ise sizi ye\u015fil Pyrgi k\u00f6y\u00fcne g\u00f6t\u00fcr\u00fcr. Ayn\u0131 tali yolda devam ederseniz Stipsi k\u00f6y\u00fcne ula\u015f\u0131rs\u0131n\u0131z ve oradan Lepetymnos Da\u011f\u0131&#8217;n\u0131n etraf\u0131ndan dola\u015farak Ypsilometopo Manast\u0131r\u0131&#8217;na var\u0131rs\u0131n\u0131z.<\/p>\n<p>[\/vc_column_text][\/vc_column][vc_column width=&#8221;1\/2&#8243;][vc_media_grid element_width=&#8221;3&#8243; css=&#8221;&#8221; grid_id=&#8221;vc_gid:1775638458752-485377c3-a5b2-10&#8243; include=&#8221;132,135,129,128,127,137,136,134,131,130,118,119,120,121,122,123,124,125,126,133&#8243;][\/vc_column][\/vc_row]<\/p>\n<\/div>","protected":false},"excerpt":{"rendered":"<p>[vc_row][vc_column width=&#8221;1\/2&#8243;][vc_column_text css=&#8221;&#8221;] Bat\u0131ya do\u011fru, Mythemna&#8217;ya (Molyvos) do\u011fru, yemye\u015fil bitki \u00f6rt\u00fcs\u00fc ve Lepetimnos Da\u011f\u0131&#8217;n\u0131n ye\u015fil yama\u00e7lar\u0131 aras\u0131nda Ammoudeli adl\u0131 bir ba\u015fka g\u00fczel plaj ve Lepetimnos, Argennos ve Vafios k\u00f6yleri bulunur. Adan\u0131n bat\u0131 ucunda yer alan Molyvos, bir di\u011fer \u00f6nemli tatil beldesidir. K\u00f6kleri tarih \u00f6ncesi d\u00f6neme kadar uzanmaktad\u0131r. &nbsp; Akdeniz&#8217;in en pitoresk ve iyi korunmu\u015f orta\u00e7a\u011f&hellip;<\/p>\n","protected":false},"author":1,"featured_media":0,"parent":0,"menu_order":0,"comment_status":"closed","ping_status":"closed","template":"","meta":{"_mc_calendar":[],"footnotes":""},"class_list":["post-117","page","type-page","status-publish","hentry","description-off"],"yoast_head":"<!-- This site is optimized with the Yoast SEO plugin v27.3 - https:\/\/yoast.com\/product\/yoast-seo-wordpress\/ -->\n<title>Kuzey Lesvos -<\/title>\n<meta name=\"robots\" content=\"index, follow, max-snippet:-1, max-image-preview:large, max-video-preview:-1\" \/>\n<link rel=\"canonical\" href=\"https:\/\/billystours.gr\/tr\/kuzey-lesvos\/\" \/>\n<meta property=\"og:locale\" content=\"tr_TR\" \/>\n<meta property=\"og:type\" content=\"article\" \/>\n<meta property=\"og:title\" content=\"Kuzey Lesvos -\" \/>\n<meta property=\"og:description\" content=\"[vc_row][vc_column width=&#8221;1\/2&#8243;][vc_column_text css=&#8221;&#8221;] Bat\u0131ya do\u011fru, Mythemna&#8217;ya (Molyvos) do\u011fru, yemye\u015fil bitki \u00f6rt\u00fcs\u00fc ve Lepetimnos Da\u011f\u0131&#8217;n\u0131n ye\u015fil yama\u00e7lar\u0131 aras\u0131nda Ammoudeli adl\u0131 bir ba\u015fka g\u00fczel plaj ve Lepetimnos, Argennos ve Vafios k\u00f6yleri bulunur. Adan\u0131n bat\u0131 ucunda yer alan Molyvos, bir di\u011fer \u00f6nemli tatil beldesidir. K\u00f6kleri tarih \u00f6ncesi d\u00f6neme kadar uzanmaktad\u0131r. &nbsp; Akdeniz&#8217;in en pitoresk ve iyi korunmu\u015f orta\u00e7a\u011f&hellip;\" \/>\n<meta property=\"og:url\" content=\"https:\/\/billystours.gr\/tr\/kuzey-lesvos\/\" \/>\n<meta property=\"article:modified_time\" content=\"2026-04-08T08:57:28+00:00\" \/>\n<meta name=\"twitter:card\" content=\"summary_large_image\" \/>\n<meta name=\"twitter:label1\" content=\"Tahmini okuma s\u00fcresi\" \/>\n\t<meta name=\"twitter:data1\" content=\"6 dakika\" \/>\n<script type=\"application\/ld+json\" class=\"yoast-schema-graph\">{\"@context\":\"https:\\\/\\\/schema.org\",\"@graph\":[{\"@type\":\"WebPage\",\"@id\":\"https:\\\/\\\/billystours.gr\\\/tr\\\/kuzey-lesvos\\\/\",\"url\":\"https:\\\/\\\/billystours.gr\\\/tr\\\/kuzey-lesvos\\\/\",\"name\":\"Kuzey Lesvos -\",\"isPartOf\":{\"@id\":\"https:\\\/\\\/billystours.gr\\\/tr\\\/#website\"},\"datePublished\":\"2026-02-17T12:15:59+00:00\",\"dateModified\":\"2026-04-08T08:57:28+00:00\",\"breadcrumb\":{\"@id\":\"https:\\\/\\\/billystours.gr\\\/tr\\\/kuzey-lesvos\\\/#breadcrumb\"},\"inLanguage\":\"tr\",\"potentialAction\":[{\"@type\":\"ReadAction\",\"target\":[\"https:\\\/\\\/billystours.gr\\\/tr\\\/kuzey-lesvos\\\/\"]}]},{\"@type\":\"BreadcrumbList\",\"@id\":\"https:\\\/\\\/billystours.gr\\\/tr\\\/kuzey-lesvos\\\/#breadcrumb\",\"itemListElement\":[{\"@type\":\"ListItem\",\"position\":1,\"name\":\"Home\",\"item\":\"https:\\\/\\\/billystours.gr\\\/tr\\\/\"},{\"@type\":\"ListItem\",\"position\":2,\"name\":\"Kuzey Lesvos\"}]},{\"@type\":\"WebSite\",\"@id\":\"https:\\\/\\\/billystours.gr\\\/tr\\\/#website\",\"url\":\"https:\\\/\\\/billystours.gr\\\/tr\\\/\",\"name\":\"\",\"description\":\"\",\"potentialAction\":[{\"@type\":\"SearchAction\",\"target\":{\"@type\":\"EntryPoint\",\"urlTemplate\":\"https:\\\/\\\/billystours.gr\\\/tr\\\/?s={search_term_string}\"},\"query-input\":{\"@type\":\"PropertyValueSpecification\",\"valueRequired\":true,\"valueName\":\"search_term_string\"}}],\"inLanguage\":\"tr\"}]}<\/script>\n<!-- \/ Yoast SEO plugin. -->","yoast_head_json":{"title":"Kuzey Lesvos -","robots":{"index":"index","follow":"follow","max-snippet":"max-snippet:-1","max-image-preview":"max-image-preview:large","max-video-preview":"max-video-preview:-1"},"canonical":"https:\/\/billystours.gr\/tr\/kuzey-lesvos\/","og_locale":"tr_TR","og_type":"article","og_title":"Kuzey Lesvos -","og_description":"[vc_row][vc_column width=&#8221;1\/2&#8243;][vc_column_text css=&#8221;&#8221;] Bat\u0131ya do\u011fru, Mythemna&#8217;ya (Molyvos) do\u011fru, yemye\u015fil bitki \u00f6rt\u00fcs\u00fc ve Lepetimnos Da\u011f\u0131&#8217;n\u0131n ye\u015fil yama\u00e7lar\u0131 aras\u0131nda Ammoudeli adl\u0131 bir ba\u015fka g\u00fczel plaj ve Lepetimnos, Argennos ve Vafios k\u00f6yleri bulunur. Adan\u0131n bat\u0131 ucunda yer alan Molyvos, bir di\u011fer \u00f6nemli tatil beldesidir. K\u00f6kleri tarih \u00f6ncesi d\u00f6neme kadar uzanmaktad\u0131r. &nbsp; Akdeniz&#8217;in en pitoresk ve iyi korunmu\u015f orta\u00e7a\u011f&hellip;","og_url":"https:\/\/billystours.gr\/tr\/kuzey-lesvos\/","article_modified_time":"2026-04-08T08:57:28+00:00","twitter_card":"summary_large_image","twitter_misc":{"Tahmini okuma s\u00fcresi":"6 dakika"},"schema":{"@context":"https:\/\/schema.org","@graph":[{"@type":"WebPage","@id":"https:\/\/billystours.gr\/tr\/kuzey-lesvos\/","url":"https:\/\/billystours.gr\/tr\/kuzey-lesvos\/","name":"Kuzey Lesvos -","isPartOf":{"@id":"https:\/\/billystours.gr\/tr\/#website"},"datePublished":"2026-02-17T12:15:59+00:00","dateModified":"2026-04-08T08:57:28+00:00","breadcrumb":{"@id":"https:\/\/billystours.gr\/tr\/kuzey-lesvos\/#breadcrumb"},"inLanguage":"tr","potentialAction":[{"@type":"ReadAction","target":["https:\/\/billystours.gr\/tr\/kuzey-lesvos\/"]}]},{"@type":"BreadcrumbList","@id":"https:\/\/billystours.gr\/tr\/kuzey-lesvos\/#breadcrumb","itemListElement":[{"@type":"ListItem","position":1,"name":"Home","item":"https:\/\/billystours.gr\/tr\/"},{"@type":"ListItem","position":2,"name":"Kuzey Lesvos"}]},{"@type":"WebSite","@id":"https:\/\/billystours.gr\/tr\/#website","url":"https:\/\/billystours.gr\/tr\/","name":"","description":"","potentialAction":[{"@type":"SearchAction","target":{"@type":"EntryPoint","urlTemplate":"https:\/\/billystours.gr\/tr\/?s={search_term_string}"},"query-input":{"@type":"PropertyValueSpecification","valueRequired":true,"valueName":"search_term_string"}}],"inLanguage":"tr"}]}},"_links":{"self":[{"href":"https:\/\/billystours.gr\/tr\/wp-json\/wp\/v2\/pages\/117","targetHints":{"allow":["GET"]}}],"collection":[{"href":"https:\/\/billystours.gr\/tr\/wp-json\/wp\/v2\/pages"}],"about":[{"href":"https:\/\/billystours.gr\/tr\/wp-json\/wp\/v2\/types\/page"}],"author":[{"embeddable":true,"href":"https:\/\/billystours.gr\/tr\/wp-json\/wp\/v2\/users\/1"}],"replies":[{"embeddable":true,"href":"https:\/\/billystours.gr\/tr\/wp-json\/wp\/v2\/comments?post=117"}],"version-history":[{"count":3,"href":"https:\/\/billystours.gr\/tr\/wp-json\/wp\/v2\/pages\/117\/revisions"}],"predecessor-version":[{"id":558,"href":"https:\/\/billystours.gr\/tr\/wp-json\/wp\/v2\/pages\/117\/revisions\/558"}],"wp:attachment":[{"href":"https:\/\/billystours.gr\/tr\/wp-json\/wp\/v2\/media?parent=117"}],"curies":[{"name":"wp","href":"https:\/\/api.w.org\/{rel}","templated":true}]}}