{"id":14,"date":"2026-02-17T10:09:02","date_gmt":"2026-02-17T10:09:02","guid":{"rendered":"http:\/\/billystours.gr\/?page_id=14"},"modified":"2026-04-08T08:14:57","modified_gmt":"2026-04-08T08:14:57","slug":"arac-filomuz","status":"publish","type":"page","link":"https:\/\/billystours.gr\/tr\/arac-filomuz\/","title":{"rendered":"Ara\u00e7 Filomuz"},"content":{"rendered":"<div class=\"wpb-content-wrapper\"><p>[vc_row][vc_column width=&#8221;1\/3&#8243;][vc_column_text css=&#8221;&#8221;]<\/p>\n<h4 style=\"text-align: justify;\">Stil ve G\u00fcvenle \u00d6zel Turlar!<\/h4>\n<p style=\"text-align: justify;\">Ofisimizin size sundu\u011fu konfor ve l\u00fcksle en g\u00fczel destinasyonlar\u0131 ke\u015ffedin. Son teknoloji \u00fcr\u00fcn\u00fc Mini Otob\u00fcs filomuzu (5 ila 24 koltuklu) kullanarak, tamamen sizin ihtiya\u00e7lar\u0131n\u0131za g\u00f6re uyarlanm\u0131\u015f \u00f6zel g\u00fcnl\u00fck geziler d\u00fczenliyoruz.<\/p>\n<h4 style=\"text-align: justify;\">\u00d6zel Tur Deneyiminiz:<\/h4>\n<ul>\n<li style=\"text-align: justify;\">Son Teknoloji Filo: Yol boyunca \u00fcst d\u00fczey konfor, klima ve panoramik manzara sunan yeni, modern ara\u00e7larla seyahat edin.<\/li>\n<li style=\"text-align: justify;\">Temizlik Garantisi: Alanlar\u0131m\u0131z\u0131n hijyeni bir \u00f6nceliktir. Her ara\u00e7, sizi mutlak bir temizlik ortam\u0131nda a\u011f\u0131rlamak i\u00e7in titizlikle haz\u0131rlan\u0131r.<\/li>\n<li style=\"text-align: justify;\">Her \u015eeyden \u00d6nce G\u00fcvenlik: Deneyimli s\u00fcr\u00fcc\u00fcler ve t\u00fcm modern g\u00fcvenlik sistemleriyle donat\u0131lm\u0131\u015f ara\u00e7larla, tek endi\u015feniz \u00e7ekece\u011finiz foto\u011fraflar olacak.<\/li>\n<li style=\"text-align: justify;\">\u00d6zel Gezi Programlar\u0131: Grubu ve var\u0131\u015f noktas\u0131n\u0131 siz se\u00e7ersiniz. Ula\u015f\u0131m\u0131n\u0131z\u0131 biz \u00fcstleniyoruz; s\u00fcr\u00fc\u015f veya park etme zahmeti olmadan, sorunsuz bir deneyim sunuyoruz.<\/li>\n<\/ul>\n<p style=\"text-align: justify;\"><strong>\u0130ster bir aile gezisi ister arkada\u015flar\u0131n\u0131zla bir yolculuk olsun, \u00f6zel turlar\u0131m\u0131z basit bir gezintiyi unutulmaz bir an\u0131ya d\u00f6n\u00fc\u015ft\u00fcr\u00fcr.<\/strong><\/p>\n<p>[\/vc_column_text][vc_column_text css=&#8221;.vc_custom_1775636089974{margin-top: -20px !important;}&#8221;]<\/p>\n<p style=\"text-align: justify;\" data-path-to-node=\"2\"><b data-path-to-node=\"2\" data-index-in-node=\"48\">Midilli Uluslararas\u0131 Havaliman\u0131 (MJT)<\/b> ve <b data-path-to-node=\"2\" data-index-in-node=\"93\">Ana Liman<\/b>&#8216;dan adadaki herhangi bir k\u00f6ye, otele veya uzak plaja kap\u0131dan kap\u0131ya ula\u015f\u0131m sa\u011fl\u0131yoruz. Konfor ve dakikli\u011fi garanti ederek her b\u00fcy\u00fckl\u00fckteki gruba hizmet veriyoruz.<\/p>\n<h4 style=\"text-align: justify;\" data-path-to-node=\"4\"><b data-path-to-node=\"4\" data-index-in-node=\"0\">Filo Se\u00e7eneklerimiz<\/b><\/h4>\n<p style=\"text-align: justify;\" data-path-to-node=\"5\">Hizmetimizi \u00f6zel ihtiya\u00e7lar\u0131n\u0131z\u0131 kar\u015f\u0131layacak \u015fekilde \u00f6l\u00e7eklendiriyoruz:<\/p>\n<ul style=\"text-align: justify;\" data-path-to-node=\"6\">\n<li>\n<p data-path-to-node=\"6,0,0\"><b data-path-to-node=\"6,0,0\" data-index-in-node=\"0\">K\u00fc\u00e7\u00fck Gruplar (2\u20134 ki\u015fi):<\/b> Geni\u015f bagaj hacmine sahip, konforlu ve klimal\u0131 binek ara\u00e7lar veya SUV&#8217;lar.<\/p>\n<\/li>\n<li>\n<p data-path-to-node=\"6,1,0\"><b data-path-to-node=\"6,1,0\" data-index-in-node=\"0\">Orta \u00d6l\u00e7ekli Gruplar (5\u20139 ki\u015fi):<\/b> Aileler veya k\u00fc\u00e7\u00fck d\u00fc\u011f\u00fcn gruplar\u0131 i\u00e7in m\u00fckemmel, geni\u015f minivanlar.<\/p>\n<\/li>\n<li>\n<p data-path-to-node=\"6,2,0\"><b data-path-to-node=\"6,2,0\" data-index-in-node=\"0\">B\u00fcy\u00fck Gruplar (10\u201320 ki\u015fi):<\/b> Adan\u0131n virajl\u0131 yollar\u0131n\u0131 m\u00fckemmel bilen profesyonel \u015fof\u00f6rlerin kulland\u0131\u011f\u0131 modern minib\u00fcsler.<\/p>\n<\/li>\n<\/ul>\n<blockquote data-path-to-node=\"7\">\n<p data-path-to-node=\"7,0\"><b data-path-to-node=\"7,0\" data-index-in-node=\"0\">Not:<\/b> T\u00fcm ara\u00e7lar\u0131m\u0131z tam sigortal\u0131d\u0131r ve lisansl\u0131 yerel s\u00fcr\u00fcc\u00fcler taraf\u0131ndan i\u015fletilmektedir; bu da g\u00fczel adam\u0131za g\u00fcvenli ve bilgilendirici bir ba\u015flang\u0131\u00e7 yapman\u0131z\u0131 sa\u011flar.<\/p>\n<\/blockquote>\n<h4 style=\"text-align: justify;\" data-path-to-node=\"9\"><b data-path-to-node=\"9\" data-index-in-node=\"0\">Neden Bizim Ofisimizi Se\u00e7melisiniz?<\/b><\/h4>\n<ul data-path-to-node=\"10\">\n<li style=\"text-align: justify;\">\n<p data-path-to-node=\"10,0,0\"><b data-path-to-node=\"10,0,0\" data-index-in-node=\"0\">Kar\u015f\u0131lama Hizmeti:<\/b> \u015eof\u00f6r\u00fcn\u00fcz, var\u0131\u015f kap\u0131s\u0131nda \u00fczerinde ad\u0131n\u0131z\u0131n yaz\u0131l\u0131 oldu\u011fu bir tabela ile sizi bekliyor olacak.<\/p>\n<\/li>\n<li style=\"text-align: justify;\">\n<p data-path-to-node=\"10,1,0\"><b data-path-to-node=\"10,1,0\" data-index-in-node=\"0\">Sabit Fiyatland\u0131rma:<\/b> Taksimetre yok, s\u00fcrpriz yok. Maliyeti daha adaya ini\u015f yapmadan bileceksiniz.<\/p>\n<\/li>\n<li>\n<p style=\"text-align: justify;\" data-path-to-node=\"10,2,0\"><b data-path-to-node=\"10,2,0\" data-index-in-node=\"0\">7\/24 Eri\u015filebilirlik:<\/b> Olas\u0131 gecikmeleri takip etmek i\u00e7in u\u00e7u\u015f veya feribot program\u0131n\u0131z\u0131 izliyoruz.<\/p>\n<\/li>\n<\/ul>\n<p>[\/vc_column_text][\/vc_column][vc_column width=&#8221;2\/3&#8243;][vc_media_grid element_width=&#8221;3&#8243; css=&#8221;&#8221; grid_id=&#8221;vc_gid:1775636018747-5b8d9c87-deb3-3&#8243; include=&#8221;459,460,461,462,463,464,465,466,467,468,469,470,471,472,473,474,475,476,477&#8243;][\/vc_column][\/vc_row]<\/p>\n<\/div>","protected":false},"excerpt":{"rendered":"<p>[vc_row][vc_column width=&#8221;1\/3&#8243;][vc_column_text css=&#8221;&#8221;] Stil ve G\u00fcvenle \u00d6zel Turlar! Ofisimizin size sundu\u011fu konfor ve l\u00fcksle en g\u00fczel destinasyonlar\u0131 ke\u015ffedin. Son teknoloji \u00fcr\u00fcn\u00fc Mini Otob\u00fcs filomuzu (5 ila 24 koltuklu) kullanarak, tamamen sizin ihtiya\u00e7lar\u0131n\u0131za g\u00f6re uyarlanm\u0131\u015f \u00f6zel g\u00fcnl\u00fck geziler d\u00fczenliyoruz. \u00d6zel Tur Deneyiminiz: Son Teknoloji Filo: Yol boyunca \u00fcst d\u00fczey konfor, klima ve panoramik manzara sunan yeni,&hellip;<\/p>\n","protected":false},"author":1,"featured_media":0,"parent":0,"menu_order":0,"comment_status":"closed","ping_status":"closed","template":"","meta":{"_mc_calendar":[],"footnotes":""},"class_list":["post-14","page","type-page","status-publish","hentry","description-off"],"yoast_head":"<!-- This site is optimized with the Yoast SEO plugin v27.3 - https:\/\/yoast.com\/product\/yoast-seo-wordpress\/ -->\n<title>Ara\u00e7 Filomuz -<\/title>\n<meta name=\"robots\" content=\"index, follow, max-snippet:-1, max-image-preview:large, max-video-preview:-1\" \/>\n<link rel=\"canonical\" href=\"https:\/\/billystours.gr\/tr\/arac-filomuz\/\" \/>\n<meta property=\"og:locale\" content=\"tr_TR\" \/>\n<meta property=\"og:type\" content=\"article\" \/>\n<meta property=\"og:title\" content=\"Ara\u00e7 Filomuz -\" \/>\n<meta property=\"og:description\" content=\"[vc_row][vc_column width=&#8221;1\/3&#8243;][vc_column_text css=&#8221;&#8221;] Stil ve G\u00fcvenle \u00d6zel Turlar! Ofisimizin size sundu\u011fu konfor ve l\u00fcksle en g\u00fczel destinasyonlar\u0131 ke\u015ffedin. Son teknoloji \u00fcr\u00fcn\u00fc Mini Otob\u00fcs filomuzu (5 ila 24 koltuklu) kullanarak, tamamen sizin ihtiya\u00e7lar\u0131n\u0131za g\u00f6re uyarlanm\u0131\u015f \u00f6zel g\u00fcnl\u00fck geziler d\u00fczenliyoruz. \u00d6zel Tur Deneyiminiz: Son Teknoloji Filo: Yol boyunca \u00fcst d\u00fczey konfor, klima ve panoramik manzara sunan yeni,&hellip;\" \/>\n<meta property=\"og:url\" content=\"https:\/\/billystours.gr\/tr\/arac-filomuz\/\" \/>\n<meta property=\"article:modified_time\" content=\"2026-04-08T08:14:57+00:00\" \/>\n<meta name=\"twitter:card\" content=\"summary_large_image\" \/>\n<meta name=\"twitter:label1\" content=\"Tahmini okuma s\u00fcresi\" \/>\n\t<meta name=\"twitter:data1\" content=\"5 dakika\" \/>\n<script type=\"application\/ld+json\" class=\"yoast-schema-graph\">{\"@context\":\"https:\\\/\\\/schema.org\",\"@graph\":[{\"@type\":\"WebPage\",\"@id\":\"https:\\\/\\\/billystours.gr\\\/tr\\\/arac-filomuz\\\/\",\"url\":\"https:\\\/\\\/billystours.gr\\\/tr\\\/arac-filomuz\\\/\",\"name\":\"Ara\u00e7 Filomuz -\",\"isPartOf\":{\"@id\":\"https:\\\/\\\/billystours.gr\\\/tr\\\/#website\"},\"datePublished\":\"2026-02-17T10:09:02+00:00\",\"dateModified\":\"2026-04-08T08:14:57+00:00\",\"breadcrumb\":{\"@id\":\"https:\\\/\\\/billystours.gr\\\/tr\\\/arac-filomuz\\\/#breadcrumb\"},\"inLanguage\":\"tr\",\"potentialAction\":[{\"@type\":\"ReadAction\",\"target\":[\"https:\\\/\\\/billystours.gr\\\/tr\\\/arac-filomuz\\\/\"]}]},{\"@type\":\"BreadcrumbList\",\"@id\":\"https:\\\/\\\/billystours.gr\\\/tr\\\/arac-filomuz\\\/#breadcrumb\",\"itemListElement\":[{\"@type\":\"ListItem\",\"position\":1,\"name\":\"Home\",\"item\":\"https:\\\/\\\/billystours.gr\\\/tr\\\/\"},{\"@type\":\"ListItem\",\"position\":2,\"name\":\"Ara\u00e7 Filomuz\"}]},{\"@type\":\"WebSite\",\"@id\":\"https:\\\/\\\/billystours.gr\\\/tr\\\/#website\",\"url\":\"https:\\\/\\\/billystours.gr\\\/tr\\\/\",\"name\":\"\",\"description\":\"\",\"potentialAction\":[{\"@type\":\"SearchAction\",\"target\":{\"@type\":\"EntryPoint\",\"urlTemplate\":\"https:\\\/\\\/billystours.gr\\\/tr\\\/?s={search_term_string}\"},\"query-input\":{\"@type\":\"PropertyValueSpecification\",\"valueRequired\":true,\"valueName\":\"search_term_string\"}}],\"inLanguage\":\"tr\"}]}<\/script>\n<!-- \/ Yoast SEO plugin. -->","yoast_head_json":{"title":"Ara\u00e7 Filomuz -","robots":{"index":"index","follow":"follow","max-snippet":"max-snippet:-1","max-image-preview":"max-image-preview:large","max-video-preview":"max-video-preview:-1"},"canonical":"https:\/\/billystours.gr\/tr\/arac-filomuz\/","og_locale":"tr_TR","og_type":"article","og_title":"Ara\u00e7 Filomuz -","og_description":"[vc_row][vc_column width=&#8221;1\/3&#8243;][vc_column_text css=&#8221;&#8221;] Stil ve G\u00fcvenle \u00d6zel Turlar! Ofisimizin size sundu\u011fu konfor ve l\u00fcksle en g\u00fczel destinasyonlar\u0131 ke\u015ffedin. Son teknoloji \u00fcr\u00fcn\u00fc Mini Otob\u00fcs filomuzu (5 ila 24 koltuklu) kullanarak, tamamen sizin ihtiya\u00e7lar\u0131n\u0131za g\u00f6re uyarlanm\u0131\u015f \u00f6zel g\u00fcnl\u00fck geziler d\u00fczenliyoruz. \u00d6zel Tur Deneyiminiz: Son Teknoloji Filo: Yol boyunca \u00fcst d\u00fczey konfor, klima ve panoramik manzara sunan yeni,&hellip;","og_url":"https:\/\/billystours.gr\/tr\/arac-filomuz\/","article_modified_time":"2026-04-08T08:14:57+00:00","twitter_card":"summary_large_image","twitter_misc":{"Tahmini okuma s\u00fcresi":"5 dakika"},"schema":{"@context":"https:\/\/schema.org","@graph":[{"@type":"WebPage","@id":"https:\/\/billystours.gr\/tr\/arac-filomuz\/","url":"https:\/\/billystours.gr\/tr\/arac-filomuz\/","name":"Ara\u00e7 Filomuz -","isPartOf":{"@id":"https:\/\/billystours.gr\/tr\/#website"},"datePublished":"2026-02-17T10:09:02+00:00","dateModified":"2026-04-08T08:14:57+00:00","breadcrumb":{"@id":"https:\/\/billystours.gr\/tr\/arac-filomuz\/#breadcrumb"},"inLanguage":"tr","potentialAction":[{"@type":"ReadAction","target":["https:\/\/billystours.gr\/tr\/arac-filomuz\/"]}]},{"@type":"BreadcrumbList","@id":"https:\/\/billystours.gr\/tr\/arac-filomuz\/#breadcrumb","itemListElement":[{"@type":"ListItem","position":1,"name":"Home","item":"https:\/\/billystours.gr\/tr\/"},{"@type":"ListItem","position":2,"name":"Ara\u00e7 Filomuz"}]},{"@type":"WebSite","@id":"https:\/\/billystours.gr\/tr\/#website","url":"https:\/\/billystours.gr\/tr\/","name":"","description":"","potentialAction":[{"@type":"SearchAction","target":{"@type":"EntryPoint","urlTemplate":"https:\/\/billystours.gr\/tr\/?s={search_term_string}"},"query-input":{"@type":"PropertyValueSpecification","valueRequired":true,"valueName":"search_term_string"}}],"inLanguage":"tr"}]}},"_links":{"self":[{"href":"https:\/\/billystours.gr\/tr\/wp-json\/wp\/v2\/pages\/14","targetHints":{"allow":["GET"]}}],"collection":[{"href":"https:\/\/billystours.gr\/tr\/wp-json\/wp\/v2\/pages"}],"about":[{"href":"https:\/\/billystours.gr\/tr\/wp-json\/wp\/v2\/types\/page"}],"author":[{"embeddable":true,"href":"https:\/\/billystours.gr\/tr\/wp-json\/wp\/v2\/users\/1"}],"replies":[{"embeddable":true,"href":"https:\/\/billystours.gr\/tr\/wp-json\/wp\/v2\/comments?post=14"}],"version-history":[{"count":10,"href":"https:\/\/billystours.gr\/tr\/wp-json\/wp\/v2\/pages\/14\/revisions"}],"predecessor-version":[{"id":543,"href":"https:\/\/billystours.gr\/tr\/wp-json\/wp\/v2\/pages\/14\/revisions\/543"}],"wp:attachment":[{"href":"https:\/\/billystours.gr\/tr\/wp-json\/wp\/v2\/media?parent=14"}],"curies":[{"name":"wp","href":"https:\/\/api.w.org\/{rel}","templated":true}]}}