{"id":217,"date":"2026-02-17T12:40:27","date_gmt":"2026-02-17T12:40:27","guid":{"rendered":"http:\/\/billystours.gr\/?page_id=217"},"modified":"2026-04-08T09:00:59","modified_gmt":"2026-04-08T09:00:59","slug":"guney-lesvos","status":"publish","type":"page","link":"https:\/\/billystours.gr\/tr\/guney-lesvos\/","title":{"rendered":"G\u00fcney Lesvos"},"content":{"rendered":"<div class=\"wpb-content-wrapper\"><p>[vc_row][vc_column width=&#8221;1\/2&#8243;][vc_column_text css=&#8221;&#8221;]<\/p>\n<p style=\"text-align: justify;\">Bu b\u00f6l\u00fcm Gera K\u00f6rfezi ve Kalloni K\u00f6rfezi&#8217;nin do\u011fu k\u0131sm\u0131ndan olu\u015fmaktad\u0131r. Ba\u015flang\u0131\u00e7 \u200b\u200bnoktam\u0131z Mytilene \u015fehridir, ancak \u015fimdi \u015fehrin do\u011fu \u00e7\u0131k\u0131\u015f\u0131n\u0131 kullan\u0131yoruz. Yol, zeytin a\u011fa\u00e7lar\u0131yla dolu bir alandan ge\u00e7iyor ve ilk kav\u015fak bizi Alifanta, Pirgi ve Kedros gibi k\u00fc\u00e7\u00fck yerle\u015fim yerlerine g\u00f6t\u00fcr\u00fcyor.<\/p>\n<p>&nbsp;<\/p>\n<p style=\"text-align: justify;\">Ana yola odaklanarak, yolculu\u011fumuz Gera K\u00f6rfezi&#8217;ne do\u011fru devam ediyor. Bu rota, a\u011fa\u00e7lar\u0131n ye\u015fili ve denizin mavisi gibi temel renklere sahip. Denize kurulmu\u015f kapl\u0131calar (&#8220;Therma&#8221;), 18. ve 19. y\u00fczy\u0131llardan kalma eski ticari binalar (zeytin presleri vb.) ve b\u00f6lgenin b\u00fcy\u00fck bir geli\u015fme g\u00f6sterdi\u011fi d\u00f6nemler karakteristik \u00f6zellikleridir. Bat\u0131ya do\u011fru giderken Dipi, Pigadakia, Kato Tritos, Michou, Palaiokipos, Plakados, Perama k\u00f6ylerini ve yerle\u015fim yerlerini g\u00f6rebiliriz. Ana yol Papados, Mesagros ve Skopelos&#8217;a do\u011fru uzan\u0131yor.<\/p>\n<p>&nbsp;<\/p>\n<p style=\"text-align: justify;\">G\u00fcney yolu, Tarti adl\u0131 sahil b\u00f6lgesine giderken, orta yol Plomari&#8217;ye ve zeytin a\u011fa\u00e7lar\u0131 aras\u0131ndan amfiteatr \u015feklinde kurulmu\u015f Trigona ve Plagia k\u00f6ylerine ula\u015f\u0131r. A\u011fa\u00e7lar\u0131n ve do\u011fan\u0131n aras\u0131ndan ge\u00e7tikten sonra, muhte\u015fem Agios Isidoros plaj\u0131na var\u0131r\u0131z.<\/p>\n<p>&nbsp;<\/p>\n<p style=\"text-align: justify;\">Ana yola geri d\u00f6nerek, Plomari kasabas\u0131na giden \u00e7evre yoluna ge\u00e7eriz.<\/p>\n<p>&nbsp;<\/p>\n<p style=\"text-align: justify;\">Plomari&#8217;den yakla\u015f\u0131k 10 km yukar\u0131da, \u00e7ok g\u00fczel bir yerle\u015fim yeri olan Megalochori k\u00f6y\u00fc ve Palaiochori de bulunmaktad\u0131r. Melinda plaj\u0131 y\u00fczmek i\u00e7in idealdir. Palaiochori&#8217;den kuzeydo\u011fuya do\u011fru devam edersek, yol bizi Akrasi ve Drotas&#8217;a ve Panagia Krifti plaj\u0131na g\u00f6t\u00fcr\u00fcr.<\/p>\n<p>&nbsp;<\/p>\n<p style=\"text-align: justify;\">Akrasi&#8217;den kuzeye do\u011fru devam ederiz. Kuzeye giden yol, Ampeliko, Stavros ve Kato Stavros k\u00f6ylerine ve sonunda Akdeniz&#8217;in en iyi plajlar\u0131ndan biri olan Vatera&#8217;ya ula\u015f\u0131r.<\/p>\n<p>&nbsp;<\/p>\n<p style=\"text-align: justify;\">Vatera&#8217;n\u0131n merkez yolundan gidersek Vrisa&#8217;dan ge\u00e7eriz; devam edersek Polichnitos ve Polichnitos Skala&#8217;ya ula\u015f\u0131r\u0131z. Ayn\u0131 yol bizi muhte\u015fem bir sahil b\u00f6lgesi olan Nifida&#8217;ya da g\u00f6t\u00fcrebilir.<\/p>\n<p>&nbsp;<\/p>\n<p style=\"text-align: justify;\">Olimpos Da\u011f\u0131&#8217;na giden patikadan Agiassos&#8217;a ve Meryem Ana Tap\u0131na\u011f\u0131&#8217;na gidebiliriz. Da\u011fdan a\u015fa\u011f\u0131 inen yolda Karini adl\u0131 yeri g\u00f6r\u00fcr\u00fcz ve yoldan Asomatos k\u00f6y\u00fcne ula\u015fabiliriz.<\/p>\n<p>[\/vc_column_text][\/vc_column][vc_column width=&#8221;1\/2&#8243;][vc_media_grid element_width=&#8221;3&#8243; css=&#8221;&#8221; grid_id=&#8221;vc_gid:1775638458858-97a5b43b-ebc6-4&#8243; include=&#8221;223,222,219,220,221,218,228,227,226,225,224,229,231,235,233,230,234,232,239,241,240,238,237,236,247,248,244,245,246,243,251,250,254,249,252,253,255,256,257,258,259,260&#8243;][\/vc_column][\/vc_row]<\/p>\n<\/div>","protected":false},"excerpt":{"rendered":"<p>[vc_row][vc_column width=&#8221;1\/2&#8243;][vc_column_text css=&#8221;&#8221;] Bu b\u00f6l\u00fcm Gera K\u00f6rfezi ve Kalloni K\u00f6rfezi&#8217;nin do\u011fu k\u0131sm\u0131ndan olu\u015fmaktad\u0131r. Ba\u015flang\u0131\u00e7 \u200b\u200bnoktam\u0131z Mytilene \u015fehridir, ancak \u015fimdi \u015fehrin do\u011fu \u00e7\u0131k\u0131\u015f\u0131n\u0131 kullan\u0131yoruz. Yol, zeytin a\u011fa\u00e7lar\u0131yla dolu bir alandan ge\u00e7iyor ve ilk kav\u015fak bizi Alifanta, Pirgi ve Kedros gibi k\u00fc\u00e7\u00fck yerle\u015fim yerlerine g\u00f6t\u00fcr\u00fcyor. &nbsp; Ana yola odaklanarak, yolculu\u011fumuz Gera K\u00f6rfezi&#8217;ne do\u011fru devam ediyor. Bu rota,&hellip;<\/p>\n","protected":false},"author":1,"featured_media":0,"parent":0,"menu_order":0,"comment_status":"closed","ping_status":"closed","template":"","meta":{"_mc_calendar":[],"footnotes":""},"class_list":["post-217","page","type-page","status-publish","hentry","description-off"],"yoast_head":"<!-- This site is optimized with the Yoast SEO plugin v27.3 - https:\/\/yoast.com\/product\/yoast-seo-wordpress\/ -->\n<title>G\u00fcney Lesvos -<\/title>\n<meta name=\"robots\" content=\"index, follow, max-snippet:-1, max-image-preview:large, max-video-preview:-1\" \/>\n<link rel=\"canonical\" href=\"https:\/\/billystours.gr\/tr\/guney-lesvos\/\" \/>\n<meta property=\"og:locale\" content=\"tr_TR\" \/>\n<meta property=\"og:type\" content=\"article\" \/>\n<meta property=\"og:title\" content=\"G\u00fcney Lesvos -\" \/>\n<meta property=\"og:description\" content=\"[vc_row][vc_column width=&#8221;1\/2&#8243;][vc_column_text css=&#8221;&#8221;] Bu b\u00f6l\u00fcm Gera K\u00f6rfezi ve Kalloni K\u00f6rfezi&#8217;nin do\u011fu k\u0131sm\u0131ndan olu\u015fmaktad\u0131r. Ba\u015flang\u0131\u00e7 \u200b\u200bnoktam\u0131z Mytilene \u015fehridir, ancak \u015fimdi \u015fehrin do\u011fu \u00e7\u0131k\u0131\u015f\u0131n\u0131 kullan\u0131yoruz. Yol, zeytin a\u011fa\u00e7lar\u0131yla dolu bir alandan ge\u00e7iyor ve ilk kav\u015fak bizi Alifanta, Pirgi ve Kedros gibi k\u00fc\u00e7\u00fck yerle\u015fim yerlerine g\u00f6t\u00fcr\u00fcyor. &nbsp; Ana yola odaklanarak, yolculu\u011fumuz Gera K\u00f6rfezi&#8217;ne do\u011fru devam ediyor. Bu rota,&hellip;\" \/>\n<meta property=\"og:url\" content=\"https:\/\/billystours.gr\/tr\/guney-lesvos\/\" \/>\n<meta property=\"article:modified_time\" content=\"2026-04-08T09:00:59+00:00\" \/>\n<meta name=\"twitter:card\" content=\"summary_large_image\" \/>\n<meta name=\"twitter:label1\" content=\"Tahmini okuma s\u00fcresi\" \/>\n\t<meta name=\"twitter:data1\" content=\"10 dakika\" \/>\n<script type=\"application\/ld+json\" class=\"yoast-schema-graph\">{\"@context\":\"https:\\\/\\\/schema.org\",\"@graph\":[{\"@type\":\"WebPage\",\"@id\":\"https:\\\/\\\/billystours.gr\\\/tr\\\/guney-lesvos\\\/\",\"url\":\"https:\\\/\\\/billystours.gr\\\/tr\\\/guney-lesvos\\\/\",\"name\":\"G\u00fcney Lesvos -\",\"isPartOf\":{\"@id\":\"https:\\\/\\\/billystours.gr\\\/tr\\\/#website\"},\"datePublished\":\"2026-02-17T12:40:27+00:00\",\"dateModified\":\"2026-04-08T09:00:59+00:00\",\"breadcrumb\":{\"@id\":\"https:\\\/\\\/billystours.gr\\\/tr\\\/guney-lesvos\\\/#breadcrumb\"},\"inLanguage\":\"tr\",\"potentialAction\":[{\"@type\":\"ReadAction\",\"target\":[\"https:\\\/\\\/billystours.gr\\\/tr\\\/guney-lesvos\\\/\"]}]},{\"@type\":\"BreadcrumbList\",\"@id\":\"https:\\\/\\\/billystours.gr\\\/tr\\\/guney-lesvos\\\/#breadcrumb\",\"itemListElement\":[{\"@type\":\"ListItem\",\"position\":1,\"name\":\"Home\",\"item\":\"https:\\\/\\\/billystours.gr\\\/tr\\\/\"},{\"@type\":\"ListItem\",\"position\":2,\"name\":\"G\u00fcney Lesvos\"}]},{\"@type\":\"WebSite\",\"@id\":\"https:\\\/\\\/billystours.gr\\\/tr\\\/#website\",\"url\":\"https:\\\/\\\/billystours.gr\\\/tr\\\/\",\"name\":\"\",\"description\":\"\",\"potentialAction\":[{\"@type\":\"SearchAction\",\"target\":{\"@type\":\"EntryPoint\",\"urlTemplate\":\"https:\\\/\\\/billystours.gr\\\/tr\\\/?s={search_term_string}\"},\"query-input\":{\"@type\":\"PropertyValueSpecification\",\"valueRequired\":true,\"valueName\":\"search_term_string\"}}],\"inLanguage\":\"tr\"}]}<\/script>\n<!-- \/ Yoast SEO plugin. -->","yoast_head_json":{"title":"G\u00fcney Lesvos -","robots":{"index":"index","follow":"follow","max-snippet":"max-snippet:-1","max-image-preview":"max-image-preview:large","max-video-preview":"max-video-preview:-1"},"canonical":"https:\/\/billystours.gr\/tr\/guney-lesvos\/","og_locale":"tr_TR","og_type":"article","og_title":"G\u00fcney Lesvos -","og_description":"[vc_row][vc_column width=&#8221;1\/2&#8243;][vc_column_text css=&#8221;&#8221;] Bu b\u00f6l\u00fcm Gera K\u00f6rfezi ve Kalloni K\u00f6rfezi&#8217;nin do\u011fu k\u0131sm\u0131ndan olu\u015fmaktad\u0131r. Ba\u015flang\u0131\u00e7 \u200b\u200bnoktam\u0131z Mytilene \u015fehridir, ancak \u015fimdi \u015fehrin do\u011fu \u00e7\u0131k\u0131\u015f\u0131n\u0131 kullan\u0131yoruz. Yol, zeytin a\u011fa\u00e7lar\u0131yla dolu bir alandan ge\u00e7iyor ve ilk kav\u015fak bizi Alifanta, Pirgi ve Kedros gibi k\u00fc\u00e7\u00fck yerle\u015fim yerlerine g\u00f6t\u00fcr\u00fcyor. &nbsp; Ana yola odaklanarak, yolculu\u011fumuz Gera K\u00f6rfezi&#8217;ne do\u011fru devam ediyor. Bu rota,&hellip;","og_url":"https:\/\/billystours.gr\/tr\/guney-lesvos\/","article_modified_time":"2026-04-08T09:00:59+00:00","twitter_card":"summary_large_image","twitter_misc":{"Tahmini okuma s\u00fcresi":"10 dakika"},"schema":{"@context":"https:\/\/schema.org","@graph":[{"@type":"WebPage","@id":"https:\/\/billystours.gr\/tr\/guney-lesvos\/","url":"https:\/\/billystours.gr\/tr\/guney-lesvos\/","name":"G\u00fcney Lesvos -","isPartOf":{"@id":"https:\/\/billystours.gr\/tr\/#website"},"datePublished":"2026-02-17T12:40:27+00:00","dateModified":"2026-04-08T09:00:59+00:00","breadcrumb":{"@id":"https:\/\/billystours.gr\/tr\/guney-lesvos\/#breadcrumb"},"inLanguage":"tr","potentialAction":[{"@type":"ReadAction","target":["https:\/\/billystours.gr\/tr\/guney-lesvos\/"]}]},{"@type":"BreadcrumbList","@id":"https:\/\/billystours.gr\/tr\/guney-lesvos\/#breadcrumb","itemListElement":[{"@type":"ListItem","position":1,"name":"Home","item":"https:\/\/billystours.gr\/tr\/"},{"@type":"ListItem","position":2,"name":"G\u00fcney Lesvos"}]},{"@type":"WebSite","@id":"https:\/\/billystours.gr\/tr\/#website","url":"https:\/\/billystours.gr\/tr\/","name":"","description":"","potentialAction":[{"@type":"SearchAction","target":{"@type":"EntryPoint","urlTemplate":"https:\/\/billystours.gr\/tr\/?s={search_term_string}"},"query-input":{"@type":"PropertyValueSpecification","valueRequired":true,"valueName":"search_term_string"}}],"inLanguage":"tr"}]}},"_links":{"self":[{"href":"https:\/\/billystours.gr\/tr\/wp-json\/wp\/v2\/pages\/217","targetHints":{"allow":["GET"]}}],"collection":[{"href":"https:\/\/billystours.gr\/tr\/wp-json\/wp\/v2\/pages"}],"about":[{"href":"https:\/\/billystours.gr\/tr\/wp-json\/wp\/v2\/types\/page"}],"author":[{"embeddable":true,"href":"https:\/\/billystours.gr\/tr\/wp-json\/wp\/v2\/users\/1"}],"replies":[{"embeddable":true,"href":"https:\/\/billystours.gr\/tr\/wp-json\/wp\/v2\/comments?post=217"}],"version-history":[{"count":4,"href":"https:\/\/billystours.gr\/tr\/wp-json\/wp\/v2\/pages\/217\/revisions"}],"predecessor-version":[{"id":562,"href":"https:\/\/billystours.gr\/tr\/wp-json\/wp\/v2\/pages\/217\/revisions\/562"}],"wp:attachment":[{"href":"https:\/\/billystours.gr\/tr\/wp-json\/wp\/v2\/media?parent=217"}],"curies":[{"name":"wp","href":"https:\/\/api.w.org\/{rel}","templated":true}]}}