{"id":262,"date":"2026-02-17T13:03:21","date_gmt":"2026-02-17T13:03:21","guid":{"rendered":"http:\/\/billystours.gr\/?page_id=262"},"modified":"2026-04-08T09:01:39","modified_gmt":"2026-04-08T09:01:39","slug":"orta-lesvos","status":"publish","type":"page","link":"https:\/\/billystours.gr\/tr\/orta-lesvos\/","title":{"rendered":"Orta Lesvos"},"content":{"rendered":"<div class=\"wpb-content-wrapper\"><p>[vc_row][vc_column width=&#8221;1\/2&#8243;][vc_column_text css=&#8221;&#8221;]<\/p>\n<p style=\"text-align: justify;\">Orta Lesvos&#8217;un ana kasabas\u0131, antik \u00e7a\u011flardan beri geli\u015fen bir ticaret ve k\u00fclt\u00fcr merkezi olan Kalloni&#8217;dir. B\u00f6lgedeki arkeolojik buluntular, Bizans ve Orta \u00c7a\u011f d\u00f6nemlerinde refah g\u00fcnleri ya\u015fad\u0131\u011f\u0131n\u0131 kan\u0131tlamaktad\u0131r. Kalloni&#8217;nin 4 km g\u00fcneyinde, Ariana, Kerami ve Papiana&#8217;n\u0131n pitoresk k\u00f6ylerinden sonra, son y\u0131llarda bir turizm merkezi olarak geli\u015fen Skala Kallonis bulunur. Her y\u0131l bahar aylar\u0131nda, aday\u0131 ziyaret eden \u00e7ok say\u0131da ku\u015f g\u00f6zlemcisi, u\u00e7an ku\u015f pop\u00fclasyonunu (yerli ve g\u00f6\u00e7men) g\u00f6zlemlemek i\u00e7in buraya gelir.<\/p>\n<p>&nbsp;<\/p>\n<p style=\"text-align: justify;\">Kalloni&#8217;nin 3 km kuzeybat\u0131s\u0131nda Limonos Manast\u0131r\u0131 bulunur. T\u00fcrk i\u015fgali s\u0131ras\u0131nda adan\u0131n tek entelekt\u00fcel merkezi ve Hristiyanl\u0131\u011f\u0131n manevi merkeziydi. Bir k\u00fct\u00fcphanesi, bir Dini Sanatlar M\u00fczesi ve bir Jeoloji M\u00fczesi vard\u0131r. Yak\u0131n \u00e7evresinde Panayia Myrsiniotissa Manast\u0131r\u0131 bulunur. Katedralin i\u00e7inde de\u011ferli Bizans ikonalar\u0131, eski bir oyma ikona perdesi ve \u00f6nemli duvar resimleri g\u00f6r\u00fclebilir.<\/p>\n<p>&nbsp;<\/p>\n<p style=\"text-align: justify;\">Kalloni&#8217;ye geri d\u00f6n\u00fcp g\u00fcneydo\u011fuya do\u011fru devam ederseniz, Arisvi k\u00f6y\u00fcnden ge\u00e7eceksiniz. Ard\u0131ndan kuzeye do\u011fru ilerlerseniz, eski zamanlardan kalma hayvan kurban etme gelene\u011finin hala devam etti\u011fi k\u00fc\u00e7\u00fck Agia Paraskevi kasabas\u0131na ula\u015facaks\u0131n\u0131z. G\u00f6r\u00fclecek \u00f6nemli yap\u0131lar aras\u0131nda neoklasik konaklar, etkileyici Ba\u015fmelekler Kilisesi ve g\u00fczel bir okul bulunmaktad\u0131r. Agia Paraskevi&#8217;nin kuzeyinde, da\u011f k\u00f6y\u00fc Napi ve yak\u0131n\u0131nda antik Klopedi tap\u0131na\u011f\u0131n\u0131n kal\u0131nt\u0131lar\u0131, erken Hristiyan bazilikas\u0131 ve Kremasti k\u00f6pr\u00fcs\u00fc yer almaktad\u0131r. Arisvi&#8217;den g\u00fcneye do\u011fru devam ederseniz, Kalloni Tuz \u0130\u015fletmeleri ve ku\u015flar\u0131 kendine \u00e7eken dikkat \u00e7ekici Sulak Alan\u0131n yan\u0131ndan ge\u00e7eceksiniz. Bundan sonra, M\u00d6 3. y\u00fczy\u0131lda Aeolianlar taraf\u0131ndan in\u015fa edilen ve Zeus, Hera ve Dionysos tanr\u0131lar\u0131na tap\u0131n\u0131lan antik Messa Tap\u0131na\u011f\u0131&#8217;n\u0131 bulacaks\u0131n\u0131z.<\/p>\n<p>&nbsp;<\/p>\n<p style=\"text-align: justify;\">Yol ayr\u0131m\u0131nda, g\u00fcneye do\u011fru sa\u011fdaki kola sap\u0131p Kalloni K\u00f6rfezi k\u0131y\u0131 \u015feridini takip ederseniz, do\u011fal g\u00fczelliklerle dolu verimli bir yer olan Achladeri sahil kasabas\u0131na ve M\u00d6 231 y\u0131l\u0131nda bir depremden sonra denize batan antik Pyra kentinin sakin koyuna ula\u015f\u0131rs\u0131n\u0131z. G\u00fcn\u00fcm\u00fczde ayn\u0131 yerde, g\u00fcn\u00fcn her saatinde bir iki i\u00e7ki i\u00e7ebilece\u011finiz, yerel bal\u0131k\u00e7\u0131lar\u0131n avlad\u0131\u011f\u0131 bal\u0131klar\u0131 tadabilece\u011finiz k\u00fc\u00e7\u00fck bir yol kenar\u0131 tavernas\u0131 ve yama\u00e7ta birka\u00e7 tar\u0131m binas\u0131 bulunmaktad\u0131r.<\/p>\n<p>[\/vc_column_text][\/vc_column][vc_column width=&#8221;1\/2&#8243;][vc_media_grid element_width=&#8221;3&#8243; css=&#8221;&#8221; grid_id=&#8221;vc_gid:1775638458339-a9eb3096-c6de-10&#8243; include=&#8221;271,272,273,274,275,276,277,278,279,280,281,282,283,284,285,286,288,289,290,291,263,264,265,266,267,268,269,270&#8243;][\/vc_column][\/vc_row]<\/p>\n<\/div>","protected":false},"excerpt":{"rendered":"<p>[vc_row][vc_column width=&#8221;1\/2&#8243;][vc_column_text css=&#8221;&#8221;] Orta Lesvos&#8217;un ana kasabas\u0131, antik \u00e7a\u011flardan beri geli\u015fen bir ticaret ve k\u00fclt\u00fcr merkezi olan Kalloni&#8217;dir. B\u00f6lgedeki arkeolojik buluntular, Bizans ve Orta \u00c7a\u011f d\u00f6nemlerinde refah g\u00fcnleri ya\u015fad\u0131\u011f\u0131n\u0131 kan\u0131tlamaktad\u0131r. Kalloni&#8217;nin 4 km g\u00fcneyinde, Ariana, Kerami ve Papiana&#8217;n\u0131n pitoresk k\u00f6ylerinden sonra, son y\u0131llarda bir turizm merkezi olarak geli\u015fen Skala Kallonis bulunur. Her y\u0131l bahar aylar\u0131nda,&hellip;<\/p>\n","protected":false},"author":1,"featured_media":0,"parent":0,"menu_order":0,"comment_status":"closed","ping_status":"closed","template":"","meta":{"_mc_calendar":[],"footnotes":""},"class_list":["post-262","page","type-page","status-publish","hentry","description-off"],"yoast_head":"<!-- This site is optimized with the Yoast SEO plugin v27.3 - https:\/\/yoast.com\/product\/yoast-seo-wordpress\/ -->\n<title>Orta Lesvos -<\/title>\n<meta name=\"robots\" content=\"index, follow, max-snippet:-1, max-image-preview:large, max-video-preview:-1\" \/>\n<link rel=\"canonical\" href=\"https:\/\/billystours.gr\/tr\/orta-lesvos\/\" \/>\n<meta property=\"og:locale\" content=\"tr_TR\" \/>\n<meta property=\"og:type\" content=\"article\" \/>\n<meta property=\"og:title\" content=\"Orta Lesvos -\" \/>\n<meta property=\"og:description\" content=\"[vc_row][vc_column width=&#8221;1\/2&#8243;][vc_column_text css=&#8221;&#8221;] Orta Lesvos&#8217;un ana kasabas\u0131, antik \u00e7a\u011flardan beri geli\u015fen bir ticaret ve k\u00fclt\u00fcr merkezi olan Kalloni&#8217;dir. B\u00f6lgedeki arkeolojik buluntular, Bizans ve Orta \u00c7a\u011f d\u00f6nemlerinde refah g\u00fcnleri ya\u015fad\u0131\u011f\u0131n\u0131 kan\u0131tlamaktad\u0131r. Kalloni&#8217;nin 4 km g\u00fcneyinde, Ariana, Kerami ve Papiana&#8217;n\u0131n pitoresk k\u00f6ylerinden sonra, son y\u0131llarda bir turizm merkezi olarak geli\u015fen Skala Kallonis bulunur. Her y\u0131l bahar aylar\u0131nda,&hellip;\" \/>\n<meta property=\"og:url\" content=\"https:\/\/billystours.gr\/tr\/orta-lesvos\/\" \/>\n<meta property=\"article:modified_time\" content=\"2026-04-08T09:01:39+00:00\" \/>\n<meta name=\"twitter:card\" content=\"summary_large_image\" \/>\n<meta name=\"twitter:label1\" content=\"Tahmini okuma s\u00fcresi\" \/>\n\t<meta name=\"twitter:data1\" content=\"7 dakika\" \/>\n<script type=\"application\/ld+json\" class=\"yoast-schema-graph\">{\"@context\":\"https:\\\/\\\/schema.org\",\"@graph\":[{\"@type\":\"WebPage\",\"@id\":\"https:\\\/\\\/billystours.gr\\\/tr\\\/orta-lesvos\\\/\",\"url\":\"https:\\\/\\\/billystours.gr\\\/tr\\\/orta-lesvos\\\/\",\"name\":\"Orta Lesvos -\",\"isPartOf\":{\"@id\":\"https:\\\/\\\/billystours.gr\\\/tr\\\/#website\"},\"datePublished\":\"2026-02-17T13:03:21+00:00\",\"dateModified\":\"2026-04-08T09:01:39+00:00\",\"breadcrumb\":{\"@id\":\"https:\\\/\\\/billystours.gr\\\/tr\\\/orta-lesvos\\\/#breadcrumb\"},\"inLanguage\":\"tr\",\"potentialAction\":[{\"@type\":\"ReadAction\",\"target\":[\"https:\\\/\\\/billystours.gr\\\/tr\\\/orta-lesvos\\\/\"]}]},{\"@type\":\"BreadcrumbList\",\"@id\":\"https:\\\/\\\/billystours.gr\\\/tr\\\/orta-lesvos\\\/#breadcrumb\",\"itemListElement\":[{\"@type\":\"ListItem\",\"position\":1,\"name\":\"Home\",\"item\":\"https:\\\/\\\/billystours.gr\\\/tr\\\/\"},{\"@type\":\"ListItem\",\"position\":2,\"name\":\"Orta Lesvos\"}]},{\"@type\":\"WebSite\",\"@id\":\"https:\\\/\\\/billystours.gr\\\/tr\\\/#website\",\"url\":\"https:\\\/\\\/billystours.gr\\\/tr\\\/\",\"name\":\"\",\"description\":\"\",\"potentialAction\":[{\"@type\":\"SearchAction\",\"target\":{\"@type\":\"EntryPoint\",\"urlTemplate\":\"https:\\\/\\\/billystours.gr\\\/tr\\\/?s={search_term_string}\"},\"query-input\":{\"@type\":\"PropertyValueSpecification\",\"valueRequired\":true,\"valueName\":\"search_term_string\"}}],\"inLanguage\":\"tr\"}]}<\/script>\n<!-- \/ Yoast SEO plugin. -->","yoast_head_json":{"title":"Orta Lesvos -","robots":{"index":"index","follow":"follow","max-snippet":"max-snippet:-1","max-image-preview":"max-image-preview:large","max-video-preview":"max-video-preview:-1"},"canonical":"https:\/\/billystours.gr\/tr\/orta-lesvos\/","og_locale":"tr_TR","og_type":"article","og_title":"Orta Lesvos -","og_description":"[vc_row][vc_column width=&#8221;1\/2&#8243;][vc_column_text css=&#8221;&#8221;] Orta Lesvos&#8217;un ana kasabas\u0131, antik \u00e7a\u011flardan beri geli\u015fen bir ticaret ve k\u00fclt\u00fcr merkezi olan Kalloni&#8217;dir. B\u00f6lgedeki arkeolojik buluntular, Bizans ve Orta \u00c7a\u011f d\u00f6nemlerinde refah g\u00fcnleri ya\u015fad\u0131\u011f\u0131n\u0131 kan\u0131tlamaktad\u0131r. Kalloni&#8217;nin 4 km g\u00fcneyinde, Ariana, Kerami ve Papiana&#8217;n\u0131n pitoresk k\u00f6ylerinden sonra, son y\u0131llarda bir turizm merkezi olarak geli\u015fen Skala Kallonis bulunur. Her y\u0131l bahar aylar\u0131nda,&hellip;","og_url":"https:\/\/billystours.gr\/tr\/orta-lesvos\/","article_modified_time":"2026-04-08T09:01:39+00:00","twitter_card":"summary_large_image","twitter_misc":{"Tahmini okuma s\u00fcresi":"7 dakika"},"schema":{"@context":"https:\/\/schema.org","@graph":[{"@type":"WebPage","@id":"https:\/\/billystours.gr\/tr\/orta-lesvos\/","url":"https:\/\/billystours.gr\/tr\/orta-lesvos\/","name":"Orta Lesvos -","isPartOf":{"@id":"https:\/\/billystours.gr\/tr\/#website"},"datePublished":"2026-02-17T13:03:21+00:00","dateModified":"2026-04-08T09:01:39+00:00","breadcrumb":{"@id":"https:\/\/billystours.gr\/tr\/orta-lesvos\/#breadcrumb"},"inLanguage":"tr","potentialAction":[{"@type":"ReadAction","target":["https:\/\/billystours.gr\/tr\/orta-lesvos\/"]}]},{"@type":"BreadcrumbList","@id":"https:\/\/billystours.gr\/tr\/orta-lesvos\/#breadcrumb","itemListElement":[{"@type":"ListItem","position":1,"name":"Home","item":"https:\/\/billystours.gr\/tr\/"},{"@type":"ListItem","position":2,"name":"Orta Lesvos"}]},{"@type":"WebSite","@id":"https:\/\/billystours.gr\/tr\/#website","url":"https:\/\/billystours.gr\/tr\/","name":"","description":"","potentialAction":[{"@type":"SearchAction","target":{"@type":"EntryPoint","urlTemplate":"https:\/\/billystours.gr\/tr\/?s={search_term_string}"},"query-input":{"@type":"PropertyValueSpecification","valueRequired":true,"valueName":"search_term_string"}}],"inLanguage":"tr"}]}},"_links":{"self":[{"href":"https:\/\/billystours.gr\/tr\/wp-json\/wp\/v2\/pages\/262","targetHints":{"allow":["GET"]}}],"collection":[{"href":"https:\/\/billystours.gr\/tr\/wp-json\/wp\/v2\/pages"}],"about":[{"href":"https:\/\/billystours.gr\/tr\/wp-json\/wp\/v2\/types\/page"}],"author":[{"embeddable":true,"href":"https:\/\/billystours.gr\/tr\/wp-json\/wp\/v2\/users\/1"}],"replies":[{"embeddable":true,"href":"https:\/\/billystours.gr\/tr\/wp-json\/wp\/v2\/comments?post=262"}],"version-history":[{"count":4,"href":"https:\/\/billystours.gr\/tr\/wp-json\/wp\/v2\/pages\/262\/revisions"}],"predecessor-version":[{"id":564,"href":"https:\/\/billystours.gr\/tr\/wp-json\/wp\/v2\/pages\/262\/revisions\/564"}],"wp:attachment":[{"href":"https:\/\/billystours.gr\/tr\/wp-json\/wp\/v2\/media?parent=262"}],"curies":[{"name":"wp","href":"https:\/\/api.w.org\/{rel}","templated":true}]}}