{"id":309,"date":"2026-02-19T12:17:32","date_gmt":"2026-02-19T12:17:32","guid":{"rendered":"https:\/\/billystours.gr\/tr\/?page_id=309"},"modified":"2026-04-08T09:03:06","modified_gmt":"2026-04-08T09:03:06","slug":"hakkimizda","status":"publish","type":"page","link":"https:\/\/billystours.gr\/tr\/hakkimizda\/","title":{"rendered":"Hakk\u0131m\u0131zda"},"content":{"rendered":"<div class=\"wpb-content-wrapper\"><p>[vc_row][vc_column width=&#8221;1\/2&#8243;][vc_column_text css_animation=&#8221;fadeInLeft&#8221; css=&#8221;&#8221;]<\/p>\n<h4><span style=\"text-decoration: underline;\"><strong>Billy&#8217;s Rent a Car &amp; G\u00fcnl\u00fck Turlar Hakk\u0131nda<\/strong><\/span><\/h4>\n<p style=\"text-align: justify;\">Billy&#8217;s Rent a car, 1985 y\u0131l\u0131nda Anaxos Plaj\u0131&#8217;nda (Kuzey Midilli&#8217;deki Petra ve Molivos tatil yerlerinin yak\u0131n\u0131nda) bir motosiklet ve motorlu bisiklet kiralama \u015firketi olarak kurulmu\u015ftur.<\/p>\n<p style=\"text-align: justify;\">1989 y\u0131l\u0131nda faaliyetlerini Ara\u00e7 Kiralama \u0130\u015fine geni\u015fletmi\u015f ve bu b\u00fcy\u00fcmenin bir sonucu olarak 1999 y\u0131l\u0131nda Midilli \u015eubesi kurulmu\u015ftur.<\/p>\n<p style=\"text-align: justify;\">En son modellerle geni\u015f bir filo olu\u015fturarak ve adan\u0131n her yerinde benzersiz hizmetler sunarak, Billy&#8217;s Rentals \u015eirketi bug\u00fcn en b\u00fcy\u00fck \u015firketlere kar\u015f\u0131 ayn\u0131 veya daha iyi \u015fartlarla rekabet etmektedir.<\/p>\n<p>[\/vc_column_text][\/vc_column][vc_column width=&#8221;1\/2&#8243;][vc_single_image image=&#8221;331&#8243; img_size=&#8221;full&#8221; alignment=&#8221;center&#8221; css_animation=&#8221;fadeInRight&#8221; css=&#8221;&#8221;][\/vc_column][\/vc_row][vc_row][vc_column width=&#8221;1\/2&#8243;][vc_single_image image=&#8221;329&#8243; img_size=&#8221;full&#8221; alignment=&#8221;center&#8221; css_animation=&#8221;fadeInLeftBig&#8221; css=&#8221;&#8221;][\/vc_column][vc_column width=&#8221;1\/2&#8243;][vc_column_text css_animation=&#8221;fadeInRightBig&#8221; css=&#8221;&#8221;]<\/p>\n<h4><span style=\"text-decoration: underline;\"><strong>Ke\u015fif \u0130\u00e7in G\u00fcnl\u00fck Biletiniz.<\/strong><\/span><\/h4>\n<p style=\"text-align: justify;\">Bilmedi\u011finiz yollarda gezinme veya park yeri bulma stresini unutun.<\/p>\n<p style=\"text-align: justify;\">G\u00fcnl\u00fck mini b\u00fcs turlar\u0131m\u0131z, bilin\u00e7li gezginler i\u00e7in sorunsuz, kap\u0131dan kap\u0131ya bir deneyim sunar.<\/p>\n<p style=\"text-align: justify;\">Zaman\u0131nda kar\u015f\u0131lamadan uzmanlarca haz\u0131rlanan gezi programlar\u0131na kadar t\u00fcm lojisti\u011fi biz hallediyoruz, b\u00f6ylece siz sadece manzaraya odaklanabilirsiniz.<\/p>\n<p style=\"text-align: justify;\">Filomuz klimal\u0131, konforlu ve sizi her g\u00fcn b\u00f6lgenin en pop\u00fcler cazibe merkezlerine g\u00f6t\u00fcrmeye haz\u0131rd\u0131r.<\/p>\n<p>[\/vc_column_text][\/vc_column][\/vc_row]<\/p>\n<\/div>","protected":false},"excerpt":{"rendered":"<p>[vc_row][vc_column width=&#8221;1\/2&#8243;][vc_column_text css_animation=&#8221;fadeInLeft&#8221; css=&#8221;&#8221;] Billy&#8217;s Rent a Car &amp; G\u00fcnl\u00fck Turlar Hakk\u0131nda Billy&#8217;s Rent a car, 1985 y\u0131l\u0131nda Anaxos Plaj\u0131&#8217;nda (Kuzey Midilli&#8217;deki Petra ve Molivos tatil yerlerinin yak\u0131n\u0131nda) bir motosiklet ve motorlu bisiklet kiralama \u015firketi olarak kurulmu\u015ftur. 1989 y\u0131l\u0131nda faaliyetlerini Ara\u00e7 Kiralama \u0130\u015fine geni\u015fletmi\u015f ve bu b\u00fcy\u00fcmenin bir sonucu olarak 1999 y\u0131l\u0131nda Midilli \u015eubesi kurulmu\u015ftur.&hellip;<\/p>\n","protected":false},"author":1,"featured_media":0,"parent":0,"menu_order":0,"comment_status":"closed","ping_status":"closed","template":"","meta":{"_mc_calendar":[],"footnotes":""},"class_list":["post-309","page","type-page","status-publish","hentry","description-off"],"yoast_head":"<!-- This site is optimized with the Yoast SEO plugin v27.3 - https:\/\/yoast.com\/product\/yoast-seo-wordpress\/ -->\n<title>Hakk\u0131m\u0131zda -<\/title>\n<meta name=\"robots\" content=\"index, follow, max-snippet:-1, max-image-preview:large, max-video-preview:-1\" \/>\n<link rel=\"canonical\" href=\"https:\/\/billystours.gr\/tr\/hakkimizda\/\" \/>\n<meta property=\"og:locale\" content=\"tr_TR\" \/>\n<meta property=\"og:type\" content=\"article\" \/>\n<meta property=\"og:title\" content=\"Hakk\u0131m\u0131zda -\" \/>\n<meta property=\"og:description\" content=\"[vc_row][vc_column width=&#8221;1\/2&#8243;][vc_column_text css_animation=&#8221;fadeInLeft&#8221; css=&#8221;&#8221;] Billy&#8217;s Rent a Car &amp; G\u00fcnl\u00fck Turlar Hakk\u0131nda Billy&#8217;s Rent a car, 1985 y\u0131l\u0131nda Anaxos Plaj\u0131&#8217;nda (Kuzey Midilli&#8217;deki Petra ve Molivos tatil yerlerinin yak\u0131n\u0131nda) bir motosiklet ve motorlu bisiklet kiralama \u015firketi olarak kurulmu\u015ftur. 1989 y\u0131l\u0131nda faaliyetlerini Ara\u00e7 Kiralama \u0130\u015fine geni\u015fletmi\u015f ve bu b\u00fcy\u00fcmenin bir sonucu olarak 1999 y\u0131l\u0131nda Midilli \u015eubesi kurulmu\u015ftur.&hellip;\" \/>\n<meta property=\"og:url\" content=\"https:\/\/billystours.gr\/tr\/hakkimizda\/\" \/>\n<meta property=\"article:modified_time\" content=\"2026-04-08T09:03:06+00:00\" \/>\n<meta name=\"twitter:card\" content=\"summary_large_image\" \/>\n<meta name=\"twitter:label1\" content=\"Tahmini okuma s\u00fcresi\" \/>\n\t<meta name=\"twitter:data1\" content=\"2 dakika\" \/>\n<script type=\"application\/ld+json\" class=\"yoast-schema-graph\">{\"@context\":\"https:\\\/\\\/schema.org\",\"@graph\":[{\"@type\":\"WebPage\",\"@id\":\"https:\\\/\\\/billystours.gr\\\/tr\\\/hakkimizda\\\/\",\"url\":\"https:\\\/\\\/billystours.gr\\\/tr\\\/hakkimizda\\\/\",\"name\":\"Hakk\u0131m\u0131zda -\",\"isPartOf\":{\"@id\":\"https:\\\/\\\/billystours.gr\\\/tr\\\/#website\"},\"datePublished\":\"2026-02-19T12:17:32+00:00\",\"dateModified\":\"2026-04-08T09:03:06+00:00\",\"breadcrumb\":{\"@id\":\"https:\\\/\\\/billystours.gr\\\/tr\\\/hakkimizda\\\/#breadcrumb\"},\"inLanguage\":\"tr\",\"potentialAction\":[{\"@type\":\"ReadAction\",\"target\":[\"https:\\\/\\\/billystours.gr\\\/tr\\\/hakkimizda\\\/\"]}]},{\"@type\":\"BreadcrumbList\",\"@id\":\"https:\\\/\\\/billystours.gr\\\/tr\\\/hakkimizda\\\/#breadcrumb\",\"itemListElement\":[{\"@type\":\"ListItem\",\"position\":1,\"name\":\"Home\",\"item\":\"https:\\\/\\\/billystours.gr\\\/tr\\\/\"},{\"@type\":\"ListItem\",\"position\":2,\"name\":\"Hakk\u0131m\u0131zda\"}]},{\"@type\":\"WebSite\",\"@id\":\"https:\\\/\\\/billystours.gr\\\/tr\\\/#website\",\"url\":\"https:\\\/\\\/billystours.gr\\\/tr\\\/\",\"name\":\"\",\"description\":\"\",\"potentialAction\":[{\"@type\":\"SearchAction\",\"target\":{\"@type\":\"EntryPoint\",\"urlTemplate\":\"https:\\\/\\\/billystours.gr\\\/tr\\\/?s={search_term_string}\"},\"query-input\":{\"@type\":\"PropertyValueSpecification\",\"valueRequired\":true,\"valueName\":\"search_term_string\"}}],\"inLanguage\":\"tr\"}]}<\/script>\n<!-- \/ Yoast SEO plugin. -->","yoast_head_json":{"title":"Hakk\u0131m\u0131zda -","robots":{"index":"index","follow":"follow","max-snippet":"max-snippet:-1","max-image-preview":"max-image-preview:large","max-video-preview":"max-video-preview:-1"},"canonical":"https:\/\/billystours.gr\/tr\/hakkimizda\/","og_locale":"tr_TR","og_type":"article","og_title":"Hakk\u0131m\u0131zda -","og_description":"[vc_row][vc_column width=&#8221;1\/2&#8243;][vc_column_text css_animation=&#8221;fadeInLeft&#8221; css=&#8221;&#8221;] Billy&#8217;s Rent a Car &amp; G\u00fcnl\u00fck Turlar Hakk\u0131nda Billy&#8217;s Rent a car, 1985 y\u0131l\u0131nda Anaxos Plaj\u0131&#8217;nda (Kuzey Midilli&#8217;deki Petra ve Molivos tatil yerlerinin yak\u0131n\u0131nda) bir motosiklet ve motorlu bisiklet kiralama \u015firketi olarak kurulmu\u015ftur. 1989 y\u0131l\u0131nda faaliyetlerini Ara\u00e7 Kiralama \u0130\u015fine geni\u015fletmi\u015f ve bu b\u00fcy\u00fcmenin bir sonucu olarak 1999 y\u0131l\u0131nda Midilli \u015eubesi kurulmu\u015ftur.&hellip;","og_url":"https:\/\/billystours.gr\/tr\/hakkimizda\/","article_modified_time":"2026-04-08T09:03:06+00:00","twitter_card":"summary_large_image","twitter_misc":{"Tahmini okuma s\u00fcresi":"2 dakika"},"schema":{"@context":"https:\/\/schema.org","@graph":[{"@type":"WebPage","@id":"https:\/\/billystours.gr\/tr\/hakkimizda\/","url":"https:\/\/billystours.gr\/tr\/hakkimizda\/","name":"Hakk\u0131m\u0131zda -","isPartOf":{"@id":"https:\/\/billystours.gr\/tr\/#website"},"datePublished":"2026-02-19T12:17:32+00:00","dateModified":"2026-04-08T09:03:06+00:00","breadcrumb":{"@id":"https:\/\/billystours.gr\/tr\/hakkimizda\/#breadcrumb"},"inLanguage":"tr","potentialAction":[{"@type":"ReadAction","target":["https:\/\/billystours.gr\/tr\/hakkimizda\/"]}]},{"@type":"BreadcrumbList","@id":"https:\/\/billystours.gr\/tr\/hakkimizda\/#breadcrumb","itemListElement":[{"@type":"ListItem","position":1,"name":"Home","item":"https:\/\/billystours.gr\/tr\/"},{"@type":"ListItem","position":2,"name":"Hakk\u0131m\u0131zda"}]},{"@type":"WebSite","@id":"https:\/\/billystours.gr\/tr\/#website","url":"https:\/\/billystours.gr\/tr\/","name":"","description":"","potentialAction":[{"@type":"SearchAction","target":{"@type":"EntryPoint","urlTemplate":"https:\/\/billystours.gr\/tr\/?s={search_term_string}"},"query-input":{"@type":"PropertyValueSpecification","valueRequired":true,"valueName":"search_term_string"}}],"inLanguage":"tr"}]}},"_links":{"self":[{"href":"https:\/\/billystours.gr\/tr\/wp-json\/wp\/v2\/pages\/309","targetHints":{"allow":["GET"]}}],"collection":[{"href":"https:\/\/billystours.gr\/tr\/wp-json\/wp\/v2\/pages"}],"about":[{"href":"https:\/\/billystours.gr\/tr\/wp-json\/wp\/v2\/types\/page"}],"author":[{"embeddable":true,"href":"https:\/\/billystours.gr\/tr\/wp-json\/wp\/v2\/users\/1"}],"replies":[{"embeddable":true,"href":"https:\/\/billystours.gr\/tr\/wp-json\/wp\/v2\/comments?post=309"}],"version-history":[{"count":9,"href":"https:\/\/billystours.gr\/tr\/wp-json\/wp\/v2\/pages\/309\/revisions"}],"predecessor-version":[{"id":565,"href":"https:\/\/billystours.gr\/tr\/wp-json\/wp\/v2\/pages\/309\/revisions\/565"}],"wp:attachment":[{"href":"https:\/\/billystours.gr\/tr\/wp-json\/wp\/v2\/media?parent=309"}],"curies":[{"name":"wp","href":"https:\/\/api.w.org\/{rel}","templated":true}]}}