{"id":503,"date":"2026-03-16T09:54:08","date_gmt":"2026-03-16T09:54:08","guid":{"rendered":"https:\/\/billystours.gr\/tr\/?page_id=503"},"modified":"2026-04-08T08:51:00","modified_gmt":"2026-04-08T08:51:00","slug":"transferler","status":"publish","type":"page","link":"https:\/\/billystours.gr\/tr\/transferler\/","title":{"rendered":"Transferler"},"content":{"rendered":"<div class=\"wpb-content-wrapper\"><p>[vc_row][vc_column width=&#8221;1\/2&#8243;][vc_column_text css_animation=&#8221;fadeInLeft&#8221; css=&#8221;&#8221;]<\/p>\n<p style=\"text-align: justify;\" data-path-to-node=\"0\">Standart taksilere alternatif tercih eden ve <b data-path-to-node=\"0\" data-index-in-node=\"30\">Odysseas Elytis Uluslararas\u0131 Havaliman\u0131 (MJT)<\/b> veya <b data-path-to-node=\"0\" data-index-in-node=\"81\">Midilli Liman\u0131<\/b>&#8216;na varan gezginler i\u00e7in \u015firketimiz, adadaki herhangi bir noktaya kesintisiz ve \u00f6nceden rezerve edilmi\u015f ula\u015f\u0131m hizmeti sunmaktad\u0131r.<\/p>\n<p>[\/vc_column_text][\/vc_column][vc_column width=&#8221;1\/2&#8243;][vc_column_text css_animation=&#8221;fadeInRight&#8221; css=&#8221;&#8221;]<\/p>\n<p style=\"text-align: justify;\">Bu hizmetler, geleneksel bir taksiden daha ki\u015fiselle\u015ftirilmi\u015f ve konforlu bir yolculuk sunmak i\u00e7in modern <b data-path-to-node=\"1\" data-index-in-node=\"66\">minivanlar, SUV&#8217;lar ve l\u00fcks sedanlar<\/b> kullanarak bir &#8220;\u00d6zel \u015eof\u00f6r&#8221; deneyimine odaklanmaktad\u0131r.<\/p>\n<p>[\/vc_column_text][\/vc_column][\/vc_row][vc_row][vc_column width=&#8221;3\/4&#8243;][vc_column_text css=&#8221;&#8221;]<div class=\"everest-forms\"><div class=\"evf-container default\" id=\"evf-508\"><form id=\"evf-form-508\" class=\"everest-form\" data-formid=\"508\" data-ajax_submission=\"0\" data-keyboard_friendly_form=\"0\" data-form_state_type=\"\" method=\"post\" enctype=\"multipart\/form-data\" action=\"\/tr\/wp-json\/wp\/v2\/pages\/503\"><div class=\"evf-field-container\"><input type=\"hidden\" id=\"_wpnonce508\" name=\"_wpnonce508\" value=\"860c7db8d4\" \/><input type=\"hidden\" name=\"_wp_http_referer\" value=\"\/tr\/wp-json\/wp\/v2\/pages\/503\" \/><div class=\"evf-frontend-row\" data-row=\"row_1\" conditional_rules=\"[]\"><div class=\"evf-frontend-grid evf-grid-3\" data-grid=\"grid_1\"><div id=\"evf-508-field_dqE1DOr0J6-1-container\" class=\"evf-field evf-field-first-name form-row validate-required\" data-required-field-message=\"Bu alan zorunludur.\" data-field-id=\"dqE1DOr0J6-1\"><label class=\"evf-field-label\" for=\"evf-508-field_dqE1DOr0J6-1\"><span class=\"evf-label\">\u0130lk ad\u0131<\/span> <abbr class=\"required\" title=\"Required\">*<\/abbr><\/label><input type=\"text\" id=\"evf-508-field_dqE1DOr0J6-1\" class=\"input-text\" name=\"everest_forms[form_fields][dqE1DOr0J6-1]\" required><\/div><\/div><div class=\"evf-frontend-grid evf-grid-3\" data-grid=\"grid_2\"><div id=\"evf-508-field_353KNh9Pjc-2-container\" class=\"evf-field evf-field-last-name form-row validate-required\" data-required-field-message=\"Bu alan zorunludur.\" data-field-id=\"353KNh9Pjc-2\"><label class=\"evf-field-label\" for=\"evf-508-field_353KNh9Pjc-2\"><span class=\"evf-label\">Soy isim<\/span> <abbr class=\"required\" title=\"Required\">*<\/abbr><\/label><input type=\"text\" id=\"evf-508-field_353KNh9Pjc-2\" class=\"input-text\" name=\"everest_forms[form_fields][353KNh9Pjc-2]\" required><\/div><\/div><div class=\"evf-frontend-grid evf-grid-3\" data-grid=\"grid_3\"><div id=\"evf-508-field_XthKQKpo8V-3-container\" class=\"evf-field evf-field-email form-row validate-required validate-email\" data-required-field-message=\"Ge\u00e7erli bir e-posta adresi\" data-field-id=\"XthKQKpo8V-3\"><label class=\"evf-field-label\" for=\"evf-508-field_XthKQKpo8V-3\"><span class=\"evf-label\">Email<\/span> <abbr class=\"required\" title=\"Required\">*<\/abbr><\/label><input type=\"email\" id=\"evf-508-field_XthKQKpo8V-3\" class=\"input-text\" name=\"everest_forms[form_fields][XthKQKpo8V-3]\" required ><\/div><\/div><\/div><div class=\"evf-frontend-row\" data-row=\"row_2\" conditional_rules=\"[]\"><div class=\"evf-frontend-grid evf-grid-2\" data-grid=\"grid_1\"><div id=\"evf-508-field_r9980fAUQt-6-container\" class=\"evf-field evf-field-phone form-row validate-required validate-phone\" data-required-field-message=\"\" data-field-id=\"r9980fAUQt-6\"><label class=\"evf-field-label\" for=\"evf-508-field_r9980fAUQt-6\"><span class=\"evf-label\">Cep Telefonu<\/span> <abbr class=\"required\" title=\"Required\">*<\/abbr><\/label><input type=\"tel\" id=\"evf-508-field_r9980fAUQt-6\" class=\"input-text evf-smart-phone-field\" data-rule-smart-phone-field=\"true\" name=\"everest_forms[form_fields][r9980fAUQt-6]\" required><\/div><\/div><div class=\"evf-frontend-grid evf-grid-2\" data-grid=\"grid_2\"><div id=\"evf-508-field_DMQagXcY4i-5-container\" class=\"evf-field evf-field-text form-row\" data-field-id=\"DMQagXcY4i-5\"><label class=\"evf-field-label\" for=\"evf-508-field_DMQagXcY4i-5\"><span class=\"evf-label\">\u015eehir<\/span> <\/label><input type=\"text\" id=\"evf-508-field_DMQagXcY4i-5\" class=\"input-text\" name=\"everest_forms[form_fields][DMQagXcY4i-5]\" ><\/div><\/div><\/div><div class=\"evf-frontend-row\" data-row=\"row_4\" conditional_rules=\"[]\"><div class=\"evf-frontend-grid evf-grid-3\" data-grid=\"grid_1\"><div id=\"evf-508-field_Mlow6uCmvM-17-container\" class=\"evf-field evf-field-select form-row validate-required\" data-required-field-message=\"Bu alan zorunludur.\" data-field-id=\"Mlow6uCmvM-17\"><label class=\"evf-field-label\" for=\"evf-508-field_Mlow6uCmvM-17\"><span class=\"evf-label\">\u0130tibaren<\/span> <abbr class=\"required\" title=\"Required\">*<\/abbr><\/label><select id=\"evf-508-field_Mlow6uCmvM-17\" class=\"input-text evf-field-required\" name=\"everest_forms[form_fields][Mlow6uCmvM-17]\" required=\"required\" ><option value=\"Mytilene Havaliman\u0131\" >Mytilene Havaliman\u0131<\/option><option value=\"Mytilene Liman\u0131\" >Mytilene Liman\u0131<\/option><option value=\"Di\u011fer (\u015eehir \/ K\u00f6y ve Yer) A\u00e7\u0131klamalar\" >Di\u011fer (\u015eehir \/ K\u00f6y ve Yer) A\u00e7\u0131klamalar<\/option><\/select><\/div><\/div><div class=\"evf-frontend-grid evf-grid-3\" data-grid=\"grid_2\"><div id=\"evf-508-field_bLxz7sphei-18-container\" class=\"evf-field evf-field-select form-row validate-required\" data-required-field-message=\"Bu alan zorunludur.\" data-field-id=\"bLxz7sphei-18\"><label class=\"evf-field-label\" for=\"evf-508-field_bLxz7sphei-18\"><span class=\"evf-label\">\u0130le<\/span> <abbr class=\"required\" title=\"Required\">*<\/abbr><\/label><select id=\"evf-508-field_bLxz7sphei-18\" class=\"input-text evf-field-required\" name=\"everest_forms[form_fields][bLxz7sphei-18]\" required=\"required\" ><option value=\"Mytilene Havaliman\u0131\" >Mytilene Havaliman\u0131<\/option><option value=\"Mytilene Liman\u0131\" >Mytilene Liman\u0131<\/option><option value=\"Di\u011fer (\u015eehir \/ K\u00f6y ve Yer) A\u00e7\u0131klamalar\" >Di\u011fer (\u015eehir \/ K\u00f6y ve Yer) A\u00e7\u0131klamalar<\/option><\/select><\/div><\/div><div class=\"evf-frontend-grid evf-grid-3\" data-grid=\"grid_3\"><div id=\"evf-508-field_ByoUlpUG5l-11-container\" class=\"evf-field evf-field-date-time form-row\" data-field-id=\"ByoUlpUG5l-11\"><label class=\"evf-field-label\" for=\"evf-508-field_ByoUlpUG5l-11\"><span class=\"evf-label\">\u0130lgilenilen Tarih ve Saat<\/span> <\/label><input type=\"text\" id=\"evf-508-field_ByoUlpUG5l-11\" class=\"flatpickr-field input-text\" name=\"everest_forms[form_fields][ByoUlpUG5l-11]\" data-time-interval=\"15\" data-date-time=\"date-time\" data-mode=\"single\" data-locale=\"en\" data-date-format=\"Y-m-d h:i K\"  ><\/div><\/div><\/div><div class=\"evf-frontend-row\" data-row=\"row_5\" conditional_rules=\"[]\"><div class=\"evf-frontend-grid evf-grid-3\" data-grid=\"grid_1\"><div id=\"evf-508-field_VKgxhduNNQ-12-container\" class=\"evf-field evf-field-number form-row validate-required\" data-required-field-message=\"Please enter a valid number.\" data-field-id=\"VKgxhduNNQ-12\"><label class=\"evf-field-label\" for=\"evf-508-field_VKgxhduNNQ-12\"><span class=\"evf-label\">Yeti\u015fkinler<\/span> <abbr class=\"required\" title=\"Required\">*<\/abbr><\/label><input type=\"number\" id=\"evf-508-field_VKgxhduNNQ-12\" class=\"input-text\" name=\"everest_forms[form_fields][VKgxhduNNQ-12]\" required\/><\/div><\/div><div class=\"evf-frontend-grid evf-grid-3\" data-grid=\"grid_2\"><div id=\"evf-508-field_eX2TOBcxck-13-container\" class=\"evf-field evf-field-number form-row validate-required\" data-required-field-message=\"Please enter a valid number.\" data-field-id=\"eX2TOBcxck-13\"><label class=\"evf-field-label\" for=\"evf-508-field_eX2TOBcxck-13\"><span class=\"evf-label\">\u00c7ocuklar (10 ya\u015f\u0131na kadar)<\/span> <abbr class=\"required\" title=\"Required\">*<\/abbr><\/label><input type=\"number\" id=\"evf-508-field_eX2TOBcxck-13\" class=\"input-text\" name=\"everest_forms[form_fields][eX2TOBcxck-13]\" required\/><\/div><\/div><div class=\"evf-frontend-grid evf-grid-3\" data-grid=\"grid_3\"><div id=\"evf-508-field_pMuU81DVUs-14-container\" class=\"evf-field evf-field-select form-row\" data-field-id=\"pMuU81DVUs-14\"><label class=\"evf-field-label\" for=\"evf-508-field_pMuU81DVUs-14\"><span class=\"evf-label\">Transfer T\u00fcr\u00fc<\/span> <\/label><select id=\"evf-508-field_pMuU81DVUs-14\" class=\"input-text\" name=\"everest_forms[form_fields][pMuU81DVUs-14]\" ><option value=\"Basit Transfer\"  selected='selected'>Basit Transfer<\/option><option value=\"Gidi\u015f \/ D\u00f6n\u00fc\u015f Transferi\" >Gidi\u015f \/ D\u00f6n\u00fc\u015f Transferi<\/option><option value=\"\u00d6zel Transfer (A\u00e7\u0131klamalar)\" >\u00d6zel Transfer (A\u00e7\u0131klamalar)<\/option><\/select><\/div><\/div><\/div><div class=\"evf-frontend-row\" data-row=\"row_6\" conditional_rules=\"[]\"><div class=\"evf-frontend-grid evf-grid-1\" data-grid=\"grid_1\"><div id=\"evf-508-field_8fj8IKYhF3-15-container\" class=\"evf-field evf-field-textarea form-row\" data-field-id=\"8fj8IKYhF3-15\"><label class=\"evf-field-label\" for=\"evf-508-field_8fj8IKYhF3-15\"><span class=\"evf-label\">Mesaj \/ \u00d6zel \u0130lgi Alan\u0131<\/span> <\/label><textarea id=\"evf-508-field_8fj8IKYhF3-15\" class=\"input-text\" name=\"everest_forms[form_fields][8fj8IKYhF3-15]\"  ><\/textarea><\/div><\/div><\/div><\/div><div class=\"evf-honeypot-container evf-field-hp\"><label for=\"evf-508-field-hp\" class=\"evf-field-label\">Website<\/label><input type=\"text\" name=\"everest_forms[hp]\" id=\"evf-508-field-hp\" class=\"input-text\"><\/div><div class=\"evf-submit-container \" ><input type=\"hidden\" name=\"everest_forms[id]\" value=\"508\"><input type=\"hidden\" name=\"everest_forms[author]\" value=\"1\"><button type='submit' name='everest_forms[submit]' class='everest-forms-submit-button button evf-submit ' id='evf-submit-508' value='evf-submit' data-process-text=\"\u0130\u015fleme\u2026\" conditional_rules='&quot;&quot;' conditional_id='evf-submit-508'  id=\"evf-submit-508\" aria-live=\"assertive\">G\u00f6ndermek<\/button><\/div><\/form><\/div><!-- .evf-container --><\/div>[\/vc_column_text][\/vc_column][vc_column width=&#8221;1\/4&#8243;][vc_single_image image=&#8221;457&#8243; img_size=&#8221;full&#8221; alignment=&#8221;center&#8221;][vc_column_text css=&#8221;&#8221;]<\/p>\n<h4 style=\"text-align: center;\"><a href=\"https:\/\/maps.app.goo.gl\/hjiUSeaXnQhZf5Lt6\">P. Kountouriotoi 87, Mitilini 811 32<\/a><br \/>\n<a href=\"tel:+30 2251020006\">+30 2251020006<\/a><br \/>\n<a href=\"tel:+30 6948487036\">+30 6948487036<\/a><\/h4>\n<hr \/>\n<h4 style=\"text-align: center;\"><a href=\"https:\/\/maps.app.goo.gl\/yaX7zB1eBHahV2UT9\">Anaxos, Lesvos, 81109<\/a><br \/>\n<a href=\"tel:+30 2253041057\">+30 2253041057<\/a><br \/>\n<a href=\"tel:+30 6944759716\">+30 6944759716<\/a><\/h4>\n<hr \/>\n<p style=\"text-align: center;\"><a href=\"mailto:info@billystours.gr\">info@billystours.gr<\/a><\/p>\n<p>[\/vc_column_text][\/vc_column][\/vc_row]<\/p>\n<\/div>","protected":false},"excerpt":{"rendered":"<p>[vc_row][vc_column width=&#8221;1\/2&#8243;][vc_column_text css_animation=&#8221;fadeInLeft&#8221; css=&#8221;&#8221;] Standart taksilere alternatif tercih eden ve Odysseas Elytis Uluslararas\u0131 Havaliman\u0131 (MJT) veya Midilli Liman\u0131&#8216;na varan gezginler i\u00e7in \u015firketimiz, adadaki herhangi bir noktaya kesintisiz ve \u00f6nceden rezerve edilmi\u015f ula\u015f\u0131m hizmeti sunmaktad\u0131r. [\/vc_column_text][\/vc_column][vc_column width=&#8221;1\/2&#8243;][vc_column_text css_animation=&#8221;fadeInRight&#8221; css=&#8221;&#8221;] Bu hizmetler, geleneksel bir taksiden daha ki\u015fiselle\u015ftirilmi\u015f ve konforlu bir yolculuk sunmak i\u00e7in modern minivanlar, SUV&#8217;lar ve&hellip;<\/p>\n","protected":false},"author":1,"featured_media":0,"parent":0,"menu_order":0,"comment_status":"closed","ping_status":"closed","template":"","meta":{"_mc_calendar":[],"footnotes":""},"class_list":["post-503","page","type-page","status-publish","hentry","description-off"],"yoast_head":"<!-- This site is optimized with the Yoast SEO plugin v27.3 - https:\/\/yoast.com\/product\/yoast-seo-wordpress\/ -->\n<title>Transferler -<\/title>\n<meta name=\"robots\" content=\"index, follow, max-snippet:-1, max-image-preview:large, max-video-preview:-1\" \/>\n<link rel=\"canonical\" href=\"https:\/\/billystours.gr\/tr\/transferler\/\" \/>\n<meta property=\"og:locale\" content=\"tr_TR\" \/>\n<meta property=\"og:type\" content=\"article\" \/>\n<meta property=\"og:title\" content=\"Transferler -\" \/>\n<meta property=\"og:description\" content=\"[vc_row][vc_column width=&#8221;1\/2&#8243;][vc_column_text css_animation=&#8221;fadeInLeft&#8221; css=&#8221;&#8221;] Standart taksilere alternatif tercih eden ve Odysseas Elytis Uluslararas\u0131 Havaliman\u0131 (MJT) veya Midilli Liman\u0131&#8216;na varan gezginler i\u00e7in \u015firketimiz, adadaki herhangi bir noktaya kesintisiz ve \u00f6nceden rezerve edilmi\u015f ula\u015f\u0131m hizmeti sunmaktad\u0131r. [\/vc_column_text][\/vc_column][vc_column width=&#8221;1\/2&#8243;][vc_column_text css_animation=&#8221;fadeInRight&#8221; css=&#8221;&#8221;] Bu hizmetler, geleneksel bir taksiden daha ki\u015fiselle\u015ftirilmi\u015f ve konforlu bir yolculuk sunmak i\u00e7in modern minivanlar, SUV&#8217;lar ve&hellip;\" \/>\n<meta property=\"og:url\" content=\"https:\/\/billystours.gr\/tr\/transferler\/\" \/>\n<meta property=\"article:modified_time\" content=\"2026-04-08T08:51:00+00:00\" \/>\n<meta name=\"twitter:card\" content=\"summary_large_image\" \/>\n<meta name=\"twitter:label1\" content=\"Tahmini okuma s\u00fcresi\" \/>\n\t<meta name=\"twitter:data1\" content=\"1 dakika\" \/>\n<script type=\"application\/ld+json\" class=\"yoast-schema-graph\">{\"@context\":\"https:\\\/\\\/schema.org\",\"@graph\":[{\"@type\":\"WebPage\",\"@id\":\"https:\\\/\\\/billystours.gr\\\/tr\\\/transferler\\\/\",\"url\":\"https:\\\/\\\/billystours.gr\\\/tr\\\/transferler\\\/\",\"name\":\"Transferler -\",\"isPartOf\":{\"@id\":\"https:\\\/\\\/billystours.gr\\\/tr\\\/#website\"},\"datePublished\":\"2026-03-16T09:54:08+00:00\",\"dateModified\":\"2026-04-08T08:51:00+00:00\",\"breadcrumb\":{\"@id\":\"https:\\\/\\\/billystours.gr\\\/tr\\\/transferler\\\/#breadcrumb\"},\"inLanguage\":\"tr\",\"potentialAction\":[{\"@type\":\"ReadAction\",\"target\":[\"https:\\\/\\\/billystours.gr\\\/tr\\\/transferler\\\/\"]}]},{\"@type\":\"BreadcrumbList\",\"@id\":\"https:\\\/\\\/billystours.gr\\\/tr\\\/transferler\\\/#breadcrumb\",\"itemListElement\":[{\"@type\":\"ListItem\",\"position\":1,\"name\":\"Home\",\"item\":\"https:\\\/\\\/billystours.gr\\\/tr\\\/\"},{\"@type\":\"ListItem\",\"position\":2,\"name\":\"Transferler\"}]},{\"@type\":\"WebSite\",\"@id\":\"https:\\\/\\\/billystours.gr\\\/tr\\\/#website\",\"url\":\"https:\\\/\\\/billystours.gr\\\/tr\\\/\",\"name\":\"\",\"description\":\"\",\"potentialAction\":[{\"@type\":\"SearchAction\",\"target\":{\"@type\":\"EntryPoint\",\"urlTemplate\":\"https:\\\/\\\/billystours.gr\\\/tr\\\/?s={search_term_string}\"},\"query-input\":{\"@type\":\"PropertyValueSpecification\",\"valueRequired\":true,\"valueName\":\"search_term_string\"}}],\"inLanguage\":\"tr\"}]}<\/script>\n<!-- \/ Yoast SEO plugin. -->","yoast_head_json":{"title":"Transferler -","robots":{"index":"index","follow":"follow","max-snippet":"max-snippet:-1","max-image-preview":"max-image-preview:large","max-video-preview":"max-video-preview:-1"},"canonical":"https:\/\/billystours.gr\/tr\/transferler\/","og_locale":"tr_TR","og_type":"article","og_title":"Transferler -","og_description":"[vc_row][vc_column width=&#8221;1\/2&#8243;][vc_column_text css_animation=&#8221;fadeInLeft&#8221; css=&#8221;&#8221;] Standart taksilere alternatif tercih eden ve Odysseas Elytis Uluslararas\u0131 Havaliman\u0131 (MJT) veya Midilli Liman\u0131&#8216;na varan gezginler i\u00e7in \u015firketimiz, adadaki herhangi bir noktaya kesintisiz ve \u00f6nceden rezerve edilmi\u015f ula\u015f\u0131m hizmeti sunmaktad\u0131r. [\/vc_column_text][\/vc_column][vc_column width=&#8221;1\/2&#8243;][vc_column_text css_animation=&#8221;fadeInRight&#8221; css=&#8221;&#8221;] Bu hizmetler, geleneksel bir taksiden daha ki\u015fiselle\u015ftirilmi\u015f ve konforlu bir yolculuk sunmak i\u00e7in modern minivanlar, SUV&#8217;lar ve&hellip;","og_url":"https:\/\/billystours.gr\/tr\/transferler\/","article_modified_time":"2026-04-08T08:51:00+00:00","twitter_card":"summary_large_image","twitter_misc":{"Tahmini okuma s\u00fcresi":"1 dakika"},"schema":{"@context":"https:\/\/schema.org","@graph":[{"@type":"WebPage","@id":"https:\/\/billystours.gr\/tr\/transferler\/","url":"https:\/\/billystours.gr\/tr\/transferler\/","name":"Transferler -","isPartOf":{"@id":"https:\/\/billystours.gr\/tr\/#website"},"datePublished":"2026-03-16T09:54:08+00:00","dateModified":"2026-04-08T08:51:00+00:00","breadcrumb":{"@id":"https:\/\/billystours.gr\/tr\/transferler\/#breadcrumb"},"inLanguage":"tr","potentialAction":[{"@type":"ReadAction","target":["https:\/\/billystours.gr\/tr\/transferler\/"]}]},{"@type":"BreadcrumbList","@id":"https:\/\/billystours.gr\/tr\/transferler\/#breadcrumb","itemListElement":[{"@type":"ListItem","position":1,"name":"Home","item":"https:\/\/billystours.gr\/tr\/"},{"@type":"ListItem","position":2,"name":"Transferler"}]},{"@type":"WebSite","@id":"https:\/\/billystours.gr\/tr\/#website","url":"https:\/\/billystours.gr\/tr\/","name":"","description":"","potentialAction":[{"@type":"SearchAction","target":{"@type":"EntryPoint","urlTemplate":"https:\/\/billystours.gr\/tr\/?s={search_term_string}"},"query-input":{"@type":"PropertyValueSpecification","valueRequired":true,"valueName":"search_term_string"}}],"inLanguage":"tr"}]}},"_links":{"self":[{"href":"https:\/\/billystours.gr\/tr\/wp-json\/wp\/v2\/pages\/503","targetHints":{"allow":["GET"]}}],"collection":[{"href":"https:\/\/billystours.gr\/tr\/wp-json\/wp\/v2\/pages"}],"about":[{"href":"https:\/\/billystours.gr\/tr\/wp-json\/wp\/v2\/types\/page"}],"author":[{"embeddable":true,"href":"https:\/\/billystours.gr\/tr\/wp-json\/wp\/v2\/users\/1"}],"replies":[{"embeddable":true,"href":"https:\/\/billystours.gr\/tr\/wp-json\/wp\/v2\/comments?post=503"}],"version-history":[{"count":7,"href":"https:\/\/billystours.gr\/tr\/wp-json\/wp\/v2\/pages\/503\/revisions"}],"predecessor-version":[{"id":551,"href":"https:\/\/billystours.gr\/tr\/wp-json\/wp\/v2\/pages\/503\/revisions\/551"}],"wp:attachment":[{"href":"https:\/\/billystours.gr\/tr\/wp-json\/wp\/v2\/media?parent=503"}],"curies":[{"name":"wp","href":"https:\/\/api.w.org\/{rel}","templated":true}]}}