{"id":74,"date":"2026-02-17T12:13:09","date_gmt":"2026-02-17T12:13:09","guid":{"rendered":"http:\/\/billystours.gr\/?page_id=74"},"modified":"2026-04-08T08:56:07","modified_gmt":"2026-04-08T08:56:07","slug":"dogu-lesvos","status":"publish","type":"page","link":"https:\/\/billystours.gr\/tr\/dogu-lesvos\/","title":{"rendered":"Do\u011fu Lesvos"},"content":{"rendered":"<div class=\"wpb-content-wrapper\"><p>[vc_row][vc_column width=&#8221;1\/2&#8243;][vc_column_text css=&#8221;&#8221;]<\/p>\n<p style=\"text-align: justify;\">Ayn\u0131 yolda devam ederek, Kedro, Pyrgi ve Alifanta k\u00f6ylerini ge\u00e7tikten sonra, Lesvos&#8217;un do\u011fusuna ve ba\u015fkenti Mytilene&#8217;ye do\u011fru yol alacaks\u0131n\u0131z. Mytilene, Ege Denizi&#8217;nin en eski \u015fehirlerinden biri olarak kabul edilir. M\u00d6 10. y\u00fczy\u0131l\u0131n ba\u015flar\u0131nda kurulmu\u015ftur.<\/p>\n<p>&nbsp;<\/p>\n<p style=\"text-align: justify;\">Arkeolojik kal\u0131nt\u0131lar ve kaz\u0131lar, Klasik, Helenistik, Roma ve Bizans d\u00f6nemlerine uzanan tarihi bir ge\u00e7mi\u015fe i\u015faret etmektedir. Modern Mytilene \u015fehri, adan\u0131n g\u00fcneydo\u011fu kesiminde amfiteatr \u015feklinde yay\u0131lm\u0131\u015ft\u0131r ve Ege \u00dcniversitesi&#8217;nde her y\u0131l e\u011fitim g\u00f6ren 3500 \u00f6\u011frenci hari\u00e7, yakla\u015f\u0131k 30.000 n\u00fcfusa sahiptir.<\/p>\n<p>&nbsp;<\/p>\n<p style=\"text-align: justify;\">Loutra \u00fczerinden Mytilene&#8217;ye d\u00f6nebilir ve kuzeydeki Epano Skala liman\u0131na do\u011fru ilerleyebilirsiniz. Yolda, limana bakan Mytilene Kalesi&#8217;ni hayranl\u0131kla izleyebilirsiniz. Sanayi b\u00f6lgesinin solunda, daha ileride Roma Su Kemeri&#8217;nin bulundu\u011fu Moria yer almaktad\u0131r. Sa\u011f tarafta, deniz kenar\u0131ndaki tavernalar\u0131yla Panagiouda k\u00f6y\u00fcn\u00fc ziyaret edebilirsiniz.<\/p>\n<p>&nbsp;<\/p>\n<p style=\"text-align: justify;\">Afalonas ve Pamfila gibi k\u00fc\u00e7\u00fck k\u00f6ylerden ge\u00e7erek, termal kaynaklar\u0131n ve eski hamam\u0131n bulundu\u011fu Pyrgi, Paralia ve Loutropolis olmak \u00fczere \u00fc\u00e7 b\u00f6l\u00fcmden olu\u015fan Thermi b\u00f6lgesine ula\u015facaks\u0131n\u0131z.<\/p>\n<p>&nbsp;<\/p>\n<p style=\"text-align: justify;\">Thermi&#8217;den ge\u00e7en bir yol, Pyrgi ve Komi k\u00f6ylerine ve daha da yukar\u0131ya, her y\u0131l Hristiyan d\u00fcnyas\u0131n\u0131n d\u00f6rt bir yan\u0131ndan say\u0131s\u0131z hac\u0131n\u0131n u\u011frak yeri olan Aziz Rafael Manast\u0131r\u0131&#8217;na kadar uzan\u0131r.<\/p>\n<p>&nbsp;<\/p>\n<p style=\"text-align: justify;\">Ana yola geri d\u00f6n\u00fcp daha kuzeye do\u011fru ilerledi\u011finizde, \u00e7am a\u011fa\u00e7lar\u0131n\u0131n aras\u0131nda yer alan Agios Georgios kilisesini g\u00f6rebilirsiniz. Buradan \u00e7ok uzak olmayan bir mesafede Petalidi&#8217;nin kumlu plaj\u0131n\u0131 ziyaret edebilirsiniz. Ayn\u0131 yol sizi Mystegna ve Nees Kydonies k\u00f6ylerine g\u00f6t\u00fcrecektir.<\/p>\n<p>&nbsp;<\/p>\n<p style=\"text-align: justify;\">Her birinin kendi Skala&#8217;s\u0131 (k\u0131y\u0131 b\u00f6lgesi) vard\u0131r; burada y\u00fczebilir ve denizin a\u00e7\u0131k manzaralar\u0131n\u0131n tad\u0131n\u0131 \u00e7\u0131karabilirsiniz. Yolculu\u011funuzun bir sonraki dura\u011f\u0131 ise k\u00fc\u00e7\u00fck Mantamados kasabas\u0131 olmal\u0131. Kasaba, \u00e7\u00f6mlek at\u00f6lyeleri, serbest dola\u015fan s\u0131\u011f\u0131r eti ve lezzetli peynirleriyle \u00fcnl\u00fcd\u00fcr. Kasaban\u0131n giri\u015finde, restore edilmi\u015f eski bir zeytin presinde bulunan K\u00fclt\u00fcr Merkezi&#8217;ni ve kasaban\u0131n merkezinde, 1750 y\u0131l\u0131nda in\u015fa edilmi\u015f Aziz Vassilios Kilisesi&#8217;ni ziyaret edebilirsiniz.<\/p>\n<p>&nbsp;<\/p>\n<p style=\"text-align: justify;\">Mandamados&#8217;un hemen d\u0131\u015f\u0131nda, adan\u0131n koruyucu azizi Ba\u015fmelek Mikail&#8217;in Bizans Manast\u0131r\u0131 bulunmaktad\u0131r. Adan\u0131n en \u00f6nemli hac yerlerinden biridir. De\u011ferli ikonlar ve di\u011fer dini e\u015fyalar aras\u0131nda, Ba\u015fmelek Mikail&#8217;in heykelt\u0131ra\u015fl\u0131k eseri en \u00e7ok sayg\u0131 g\u00f6rmektedir. Gelene\u011fe g\u00f6re, i\u015fgalci T\u00fcrkler Manast\u0131r\u0131 y\u0131kt\u0131\u011f\u0131nda (1462), ikon hayatta kalan bir acemi rahip taraf\u0131ndan kil ve katledilen rahiplerin kan\u0131 kullan\u0131larak yap\u0131lm\u0131\u015ft\u0131r.<\/p>\n<p>&nbsp;<\/p>\n<p style=\"text-align: justify;\">Daha kuzeyde, k\u0131rsal Kapi k\u00f6y\u00fcn\u00fc ve pitoresk sahil yerle\u015fimi Yeni Limani&#8217;ni ziyaret edebilirsiniz. Bat\u0131da Pelopi, Ipsilometopo ve Stipsi da\u011f k\u00f6yleri bulunur, ancak kuzeye do\u011fru devam ederseniz Klio&#8217;ya, ard\u0131ndan Sikamia ve Skala Skamias&#8217;a ula\u015f\u0131rs\u0131n\u0131z; burada denizin hemen i\u00e7inde bir kayan\u0131n \u00fczerinde Panayia Gorgona (Meryem Ana, deniz k\u0131z\u0131) adl\u0131 k\u00fc\u00e7\u00fck kilise yer almaktad\u0131r.<\/p>\n<p>&nbsp;<\/p>\n<p style=\"text-align: justify;\">Skala&#8217;n\u0131n sa\u011f\u0131nda, a\u011fa\u00e7larla \u00e7evrili uzun ve sakin bir plaj olan Kaya bulunur.<\/p>\n<p>[\/vc_column_text][\/vc_column][vc_column width=&#8221;1\/2&#8243;][vc_media_grid element_width=&#8221;3&#8243; css=&#8221;&#8221; grid_id=&#8221;vc_gid:1775638459485-bd66769c-c33b-7&#8243; include=&#8221;110,111,113,115,114,104,97,96,98,108,86,88,87,81,89,80,82,83,85,95,84,90,106,100,101,102,103,93,92,91,99,107,109,112,105,94&#8243;][\/vc_column][\/vc_row]<\/p>\n<\/div>","protected":false},"excerpt":{"rendered":"<p>[vc_row][vc_column width=&#8221;1\/2&#8243;][vc_column_text css=&#8221;&#8221;] Ayn\u0131 yolda devam ederek, Kedro, Pyrgi ve Alifanta k\u00f6ylerini ge\u00e7tikten sonra, Lesvos&#8217;un do\u011fusuna ve ba\u015fkenti Mytilene&#8217;ye do\u011fru yol alacaks\u0131n\u0131z. Mytilene, Ege Denizi&#8217;nin en eski \u015fehirlerinden biri olarak kabul edilir. M\u00d6 10. y\u00fczy\u0131l\u0131n ba\u015flar\u0131nda kurulmu\u015ftur. &nbsp; Arkeolojik kal\u0131nt\u0131lar ve kaz\u0131lar, Klasik, Helenistik, Roma ve Bizans d\u00f6nemlerine uzanan tarihi bir ge\u00e7mi\u015fe i\u015faret etmektedir. Modern&hellip;<\/p>\n","protected":false},"author":1,"featured_media":0,"parent":0,"menu_order":0,"comment_status":"closed","ping_status":"closed","template":"","meta":{"_mc_calendar":[],"footnotes":""},"class_list":["post-74","page","type-page","status-publish","hentry","description-off"],"yoast_head":"<!-- This site is optimized with the Yoast SEO plugin v27.3 - https:\/\/yoast.com\/product\/yoast-seo-wordpress\/ -->\n<title>Do\u011fu Lesvos -<\/title>\n<meta name=\"robots\" content=\"index, follow, max-snippet:-1, max-image-preview:large, max-video-preview:-1\" \/>\n<link rel=\"canonical\" href=\"https:\/\/billystours.gr\/tr\/dogu-lesvos\/\" \/>\n<meta property=\"og:locale\" content=\"tr_TR\" \/>\n<meta property=\"og:type\" content=\"article\" \/>\n<meta property=\"og:title\" content=\"Do\u011fu Lesvos -\" \/>\n<meta property=\"og:description\" content=\"[vc_row][vc_column width=&#8221;1\/2&#8243;][vc_column_text css=&#8221;&#8221;] Ayn\u0131 yolda devam ederek, Kedro, Pyrgi ve Alifanta k\u00f6ylerini ge\u00e7tikten sonra, Lesvos&#8217;un do\u011fusuna ve ba\u015fkenti Mytilene&#8217;ye do\u011fru yol alacaks\u0131n\u0131z. Mytilene, Ege Denizi&#8217;nin en eski \u015fehirlerinden biri olarak kabul edilir. M\u00d6 10. y\u00fczy\u0131l\u0131n ba\u015flar\u0131nda kurulmu\u015ftur. &nbsp; Arkeolojik kal\u0131nt\u0131lar ve kaz\u0131lar, Klasik, Helenistik, Roma ve Bizans d\u00f6nemlerine uzanan tarihi bir ge\u00e7mi\u015fe i\u015faret etmektedir. Modern&hellip;\" \/>\n<meta property=\"og:url\" content=\"https:\/\/billystours.gr\/tr\/dogu-lesvos\/\" \/>\n<meta property=\"article:modified_time\" content=\"2026-04-08T08:56:07+00:00\" \/>\n<meta name=\"twitter:card\" content=\"summary_large_image\" \/>\n<meta name=\"twitter:label1\" content=\"Tahmini okuma s\u00fcresi\" \/>\n\t<meta name=\"twitter:data1\" content=\"10 dakika\" \/>\n<script type=\"application\/ld+json\" class=\"yoast-schema-graph\">{\"@context\":\"https:\\\/\\\/schema.org\",\"@graph\":[{\"@type\":\"WebPage\",\"@id\":\"https:\\\/\\\/billystours.gr\\\/tr\\\/dogu-lesvos\\\/\",\"url\":\"https:\\\/\\\/billystours.gr\\\/tr\\\/dogu-lesvos\\\/\",\"name\":\"Do\u011fu Lesvos -\",\"isPartOf\":{\"@id\":\"https:\\\/\\\/billystours.gr\\\/tr\\\/#website\"},\"datePublished\":\"2026-02-17T12:13:09+00:00\",\"dateModified\":\"2026-04-08T08:56:07+00:00\",\"breadcrumb\":{\"@id\":\"https:\\\/\\\/billystours.gr\\\/tr\\\/dogu-lesvos\\\/#breadcrumb\"},\"inLanguage\":\"tr\",\"potentialAction\":[{\"@type\":\"ReadAction\",\"target\":[\"https:\\\/\\\/billystours.gr\\\/tr\\\/dogu-lesvos\\\/\"]}]},{\"@type\":\"BreadcrumbList\",\"@id\":\"https:\\\/\\\/billystours.gr\\\/tr\\\/dogu-lesvos\\\/#breadcrumb\",\"itemListElement\":[{\"@type\":\"ListItem\",\"position\":1,\"name\":\"Home\",\"item\":\"https:\\\/\\\/billystours.gr\\\/tr\\\/\"},{\"@type\":\"ListItem\",\"position\":2,\"name\":\"Do\u011fu Lesvos\"}]},{\"@type\":\"WebSite\",\"@id\":\"https:\\\/\\\/billystours.gr\\\/tr\\\/#website\",\"url\":\"https:\\\/\\\/billystours.gr\\\/tr\\\/\",\"name\":\"\",\"description\":\"\",\"potentialAction\":[{\"@type\":\"SearchAction\",\"target\":{\"@type\":\"EntryPoint\",\"urlTemplate\":\"https:\\\/\\\/billystours.gr\\\/tr\\\/?s={search_term_string}\"},\"query-input\":{\"@type\":\"PropertyValueSpecification\",\"valueRequired\":true,\"valueName\":\"search_term_string\"}}],\"inLanguage\":\"tr\"}]}<\/script>\n<!-- \/ Yoast SEO plugin. -->","yoast_head_json":{"title":"Do\u011fu Lesvos -","robots":{"index":"index","follow":"follow","max-snippet":"max-snippet:-1","max-image-preview":"max-image-preview:large","max-video-preview":"max-video-preview:-1"},"canonical":"https:\/\/billystours.gr\/tr\/dogu-lesvos\/","og_locale":"tr_TR","og_type":"article","og_title":"Do\u011fu Lesvos -","og_description":"[vc_row][vc_column width=&#8221;1\/2&#8243;][vc_column_text css=&#8221;&#8221;] Ayn\u0131 yolda devam ederek, Kedro, Pyrgi ve Alifanta k\u00f6ylerini ge\u00e7tikten sonra, Lesvos&#8217;un do\u011fusuna ve ba\u015fkenti Mytilene&#8217;ye do\u011fru yol alacaks\u0131n\u0131z. Mytilene, Ege Denizi&#8217;nin en eski \u015fehirlerinden biri olarak kabul edilir. M\u00d6 10. y\u00fczy\u0131l\u0131n ba\u015flar\u0131nda kurulmu\u015ftur. &nbsp; Arkeolojik kal\u0131nt\u0131lar ve kaz\u0131lar, Klasik, Helenistik, Roma ve Bizans d\u00f6nemlerine uzanan tarihi bir ge\u00e7mi\u015fe i\u015faret etmektedir. Modern&hellip;","og_url":"https:\/\/billystours.gr\/tr\/dogu-lesvos\/","article_modified_time":"2026-04-08T08:56:07+00:00","twitter_card":"summary_large_image","twitter_misc":{"Tahmini okuma s\u00fcresi":"10 dakika"},"schema":{"@context":"https:\/\/schema.org","@graph":[{"@type":"WebPage","@id":"https:\/\/billystours.gr\/tr\/dogu-lesvos\/","url":"https:\/\/billystours.gr\/tr\/dogu-lesvos\/","name":"Do\u011fu Lesvos -","isPartOf":{"@id":"https:\/\/billystours.gr\/tr\/#website"},"datePublished":"2026-02-17T12:13:09+00:00","dateModified":"2026-04-08T08:56:07+00:00","breadcrumb":{"@id":"https:\/\/billystours.gr\/tr\/dogu-lesvos\/#breadcrumb"},"inLanguage":"tr","potentialAction":[{"@type":"ReadAction","target":["https:\/\/billystours.gr\/tr\/dogu-lesvos\/"]}]},{"@type":"BreadcrumbList","@id":"https:\/\/billystours.gr\/tr\/dogu-lesvos\/#breadcrumb","itemListElement":[{"@type":"ListItem","position":1,"name":"Home","item":"https:\/\/billystours.gr\/tr\/"},{"@type":"ListItem","position":2,"name":"Do\u011fu Lesvos"}]},{"@type":"WebSite","@id":"https:\/\/billystours.gr\/tr\/#website","url":"https:\/\/billystours.gr\/tr\/","name":"","description":"","potentialAction":[{"@type":"SearchAction","target":{"@type":"EntryPoint","urlTemplate":"https:\/\/billystours.gr\/tr\/?s={search_term_string}"},"query-input":{"@type":"PropertyValueSpecification","valueRequired":true,"valueName":"search_term_string"}}],"inLanguage":"tr"}]}},"_links":{"self":[{"href":"https:\/\/billystours.gr\/tr\/wp-json\/wp\/v2\/pages\/74","targetHints":{"allow":["GET"]}}],"collection":[{"href":"https:\/\/billystours.gr\/tr\/wp-json\/wp\/v2\/pages"}],"about":[{"href":"https:\/\/billystours.gr\/tr\/wp-json\/wp\/v2\/types\/page"}],"author":[{"embeddable":true,"href":"https:\/\/billystours.gr\/tr\/wp-json\/wp\/v2\/users\/1"}],"replies":[{"embeddable":true,"href":"https:\/\/billystours.gr\/tr\/wp-json\/wp\/v2\/comments?post=74"}],"version-history":[{"count":2,"href":"https:\/\/billystours.gr\/tr\/wp-json\/wp\/v2\/pages\/74\/revisions"}],"predecessor-version":[{"id":556,"href":"https:\/\/billystours.gr\/tr\/wp-json\/wp\/v2\/pages\/74\/revisions\/556"}],"wp:attachment":[{"href":"https:\/\/billystours.gr\/tr\/wp-json\/wp\/v2\/media?parent=74"}],"curies":[{"name":"wp","href":"https:\/\/api.w.org\/{rel}","templated":true}]}}